{"id":934,"date":"2020-10-27T15:40:52","date_gmt":"2020-10-27T14:40:52","guid":{"rendered":"https:\/\/www.melodygarreau.com\/?page_id=934"},"modified":"2021-03-15T21:03:24","modified_gmt":"2021-03-15T20:03:24","slug":"maternite","status":"publish","type":"page","link":"https:\/\/www.melodygarreau.com\/fr\/maternite\/","title":{"rendered":"Maternit\u00e9"},"content":{"rendered":"[mk_page_section video_loop=\u00a0\u00bbfalse\u00a0\u00bb section_layout=\u00a0\u00bbleft\u00a0\u00bb full_width=\u00a0\u00bbtrue\u00a0\u00bb full_height=\u00a0\u00bbtrue\u00a0\u00bb padding_top=\u00a0\u00bb0&Prime; padding_bottom=\u00a0\u00bb0&Prime; sidebar=\u00a0\u00bbsidebar-1&Prime;][vc_column][vc_empty_space height=\u00a0\u00bb80px\u00a0\u00bb][vc_column_text]\n<style type=\"text\/css\">\n#foogallery-gallery-1031.fg-masonry { --fg-gutter: 20px; }<\/style>\n\t\t\t<div class=\"foogallery foogallery-container foogallery-masonry foogallery-lightbox-foobox fg-center fg-masonry fg-ready fg-dark fg-loading-default fg-loaded-fade-in fg-captions-bottom fg-hover-fade fg-col4\" id=\"foogallery-gallery-1031\" data-foogallery=\"{&quot;item&quot;:{&quot;showCaptionTitle&quot;:true,&quot;showCaptionDescription&quot;:true},&quot;lazy&quot;:true}\" style=\"--fg-title-line-clamp: 0; --fg-description-line-clamp: 0;\" >\n\t\t<div class=\"fg-column-width\"><\/div>\n\t<div class=\"fg-gutter-width\"><\/div>\n\t\t<div class=\"fg-item fg-type-image fg-idle\"><figure class=\"fg-item-inner\"><a href=\"https:\/\/www.melodygarreau.com\/wp-content\/uploads\/2020\/10\/lu1a5009-scaled.jpg\" data-attachment-id=\"933\" data-type=\"image\" class=\"fg-thumb\"><span class=\"fg-image-wrap\"><img width=\"960\" height=\"1439\" class=\"skip-lazy fg-image\" data-src-fg=\"https:\/\/www.melodygarreau.com\/wp-content\/uploads\/2020\/10\/lu1a5009-scaled.jpg\" src=\"data:image\/svg+xml,%3Csvg%20xmlns%3D%22http%3A%2F%2Fwww.w3.org%2F2000%2Fsvg%22%20width%3D%22960%22%20height%3D%221439%22%20viewBox%3D%220%200%20960%201439%22%3E%3C%2Fsvg%3E\" loading=\"eager\"><\/span><span class=\"fg-image-overlay\"><\/span><\/a><\/figure><div class=\"fg-loader\"><\/div><\/div><div class=\"fg-item fg-type-image fg-idle\"><figure class=\"fg-item-inner\"><a href=\"https:\/\/www.melodygarreau.com\/wp-content\/uploads\/2021\/03\/mg_a_b_20_09_120_06.2.jpg\" data-attachment-id=\"1057\" data-type=\"image\" class=\"fg-thumb\"><span class=\"fg-image-wrap\"><img width=\"960\" height=\"960\" class=\"skip-lazy fg-image\" data-src-fg=\"https:\/\/www.melodygarreau.com\/wp-content\/uploads\/2021\/03\/mg_a_b_20_09_120_06.2.jpg\" src=\"data:image\/svg+xml,%3Csvg%20xmlns%3D%22http%3A%2F%2Fwww.w3.org%2F2000%2Fsvg%22%20width%3D%22960%22%20height%3D%22960%22%20viewBox%3D%220%200%20960%20960%22%3E%3C%2Fsvg%3E\" loading=\"eager\"><\/span><span class=\"fg-image-overlay\"><\/span><\/a><\/figure><div class=\"fg-loader\"><\/div><\/div><div class=\"fg-item fg-type-image fg-idle\"><figure class=\"fg-item-inner\"><a href=\"https:\/\/www.melodygarreau.com\/wp-content\/uploads\/2020\/10\/2020-i-a_c_120-i-012.jpg\" data-attachment-id=\"930\" data-type=\"image\" class=\"fg-thumb\"><span class=\"fg-image-wrap\"><img width=\"960\" height=\"960\" class=\"skip-lazy fg-image\" data-src-fg=\"https:\/\/www.melodygarreau.com\/wp-content\/uploads\/2020\/10\/2020-i-a_c_120-i-012.jpg\" src=\"data:image\/svg+xml,%3Csvg%20xmlns%3D%22http%3A%2F%2Fwww.w3.org%2F2000%2Fsvg%22%20width%3D%22960%22%20height%3D%22960%22%20viewBox%3D%220%200%20960%20960%22%3E%3C%2Fsvg%3E\" loading=\"eager\"><\/span><span class=\"fg-image-overlay\"><\/span><\/a><\/figure><div class=\"fg-loader\"><\/div><\/div><div class=\"fg-item fg-type-image fg-idle\"><figure class=\"fg-item-inner\"><a href=\"https:\/\/www.melodygarreau.com\/wp-content\/uploads\/2026\/04\/lu1a7897-scaled.jpg\" data-attachment-id=\"1788\" data-type=\"image\" class=\"fg-thumb\"><span class=\"fg-image-wrap\"><img width=\"960\" height=\"1439\" class=\"skip-lazy fg-image\" data-src-fg=\"https:\/\/www.melodygarreau.com\/wp-content\/uploads\/2026\/04\/lu1a7897-scaled.jpg\" src=\"data:image\/svg+xml,%3Csvg%20xmlns%3D%22http%3A%2F%2Fwww.w3.org%2F2000%2Fsvg%22%20width%3D%22960%22%20height%3D%221439%22%20viewBox%3D%220%200%20960%201439%22%3E%3C%2Fsvg%3E\" loading=\"eager\"><\/span><span class=\"fg-image-overlay\"><\/span><\/a><\/figure><div class=\"fg-loader\"><\/div><\/div><div class=\"fg-item fg-type-image fg-idle\"><figure class=\"fg-item-inner\"><a href=\"https:\/\/www.melodygarreau.com\/wp-content\/uploads\/2021\/03\/lu1a7670.jpg\" data-attachment-id=\"1061\" data-type=\"image\" class=\"fg-thumb\"><span class=\"fg-image-wrap\"><img width=\"960\" height=\"960\" class=\"skip-lazy fg-image\" data-src-fg=\"https:\/\/www.melodygarreau.com\/wp-content\/uploads\/2021\/03\/lu1a7670.jpg\" src=\"data:image\/svg+xml,%3Csvg%20xmlns%3D%22http%3A%2F%2Fwww.w3.org%2F2000%2Fsvg%22%20width%3D%22960%22%20height%3D%22960%22%20viewBox%3D%220%200%20960%20960%22%3E%3C%2Fsvg%3E\" loading=\"eager\"><\/span><span class=\"fg-image-overlay\"><\/span><\/a><\/figure><div class=\"fg-loader\"><\/div><\/div><div class=\"fg-item fg-type-image fg-idle\"><figure class=\"fg-item-inner\"><a href=\"https:\/\/www.melodygarreau.com\/wp-content\/uploads\/2026\/04\/lu1a7730-scaled.jpg\" data-attachment-id=\"1781\" data-type=\"image\" class=\"fg-thumb\"><span class=\"fg-image-wrap\"><img width=\"960\" height=\"1440\" class=\"skip-lazy fg-image\" data-src-fg=\"https:\/\/www.melodygarreau.com\/wp-content\/uploads\/2026\/04\/lu1a7730-scaled.jpg\" src=\"data:image\/svg+xml,%3Csvg%20xmlns%3D%22http%3A%2F%2Fwww.w3.org%2F2000%2Fsvg%22%20width%3D%22960%22%20height%3D%221440%22%20viewBox%3D%220%200%20960%201440%22%3E%3C%2Fsvg%3E\" loading=\"eager\"><\/span><span class=\"fg-image-overlay\"><\/span><\/a><\/figure><div class=\"fg-loader\"><\/div><\/div><div class=\"fg-item fg-type-image fg-idle\"><figure class=\"fg-item-inner\"><a href=\"https:\/\/www.melodygarreau.com\/wp-content\/uploads\/2026\/04\/lu1a7771-scaled.jpg\" data-attachment-id=\"1783\" data-type=\"image\" class=\"fg-thumb\"><span class=\"fg-image-wrap\"><img width=\"960\" height=\"1439\" class=\"skip-lazy fg-image\" data-src-fg=\"https:\/\/www.melodygarreau.com\/wp-content\/uploads\/2026\/04\/lu1a7771-scaled.jpg\" src=\"data:image\/svg+xml,%3Csvg%20xmlns%3D%22http%3A%2F%2Fwww.w3.org%2F2000%2Fsvg%22%20width%3D%22960%22%20height%3D%221439%22%20viewBox%3D%220%200%20960%201439%22%3E%3C%2Fsvg%3E\" loading=\"eager\"><\/span><span class=\"fg-image-overlay\"><\/span><\/a><\/figure><div class=\"fg-loader\"><\/div><\/div><div class=\"fg-item fg-type-image fg-idle\"><figure class=\"fg-item-inner\"><a href=\"https:\/\/www.melodygarreau.com\/wp-content\/uploads\/2020\/10\/2020-i-a_c_120-i-011.jpg\" data-attachment-id=\"929\" data-type=\"image\" class=\"fg-thumb\"><span class=\"fg-image-wrap\"><img width=\"960\" height=\"960\" class=\"skip-lazy fg-image\" data-src-fg=\"https:\/\/www.melodygarreau.com\/wp-content\/uploads\/2020\/10\/2020-i-a_c_120-i-011.jpg\" src=\"data:image\/svg+xml,%3Csvg%20xmlns%3D%22http%3A%2F%2Fwww.w3.org%2F2000%2Fsvg%22%20width%3D%22960%22%20height%3D%22960%22%20viewBox%3D%220%200%20960%20960%22%3E%3C%2Fsvg%3E\" loading=\"eager\"><\/span><span class=\"fg-image-overlay\"><\/span><\/a><\/figure><div class=\"fg-loader\"><\/div><\/div><div class=\"fg-item fg-type-image fg-idle\"><figure class=\"fg-item-inner\"><a href=\"https:\/\/www.melodygarreau.com\/wp-content\/uploads\/2026\/04\/lu1a7860-scaled.jpg\" data-attachment-id=\"1787\" data-type=\"image\" class=\"fg-thumb\"><span class=\"fg-image-wrap\"><img width=\"960\" height=\"1439\" class=\"skip-lazy fg-image\" data-src-fg=\"https:\/\/www.melodygarreau.com\/wp-content\/uploads\/2026\/04\/lu1a7860-scaled.jpg\" src=\"data:image\/svg+xml,%3Csvg%20xmlns%3D%22http%3A%2F%2Fwww.w3.org%2F2000%2Fsvg%22%20width%3D%22960%22%20height%3D%221439%22%20viewBox%3D%220%200%20960%201439%22%3E%3C%2Fsvg%3E\" loading=\"eager\"><\/span><span class=\"fg-image-overlay\"><\/span><\/a><\/figure><div class=\"fg-loader\"><\/div><\/div><div class=\"fg-item fg-type-image fg-idle\"><figure class=\"fg-item-inner\"><a href=\"https:\/\/www.melodygarreau.com\/wp-content\/uploads\/2020\/10\/lu1a4943-scaled.jpg\" data-attachment-id=\"931\" data-type=\"image\" class=\"fg-thumb\"><span class=\"fg-image-wrap\"><img width=\"960\" height=\"960\" class=\"skip-lazy fg-image\" data-src-fg=\"https:\/\/www.melodygarreau.com\/wp-content\/uploads\/2020\/10\/lu1a4943-scaled.jpg\" src=\"data:image\/svg+xml,%3Csvg%20xmlns%3D%22http%3A%2F%2Fwww.w3.org%2F2000%2Fsvg%22%20width%3D%22960%22%20height%3D%22960%22%20viewBox%3D%220%200%20960%20960%22%3E%3C%2Fsvg%3E\" loading=\"eager\"><\/span><span class=\"fg-image-overlay\"><\/span><\/a><\/figure><div class=\"fg-loader\"><\/div><\/div><div class=\"fg-item fg-type-image fg-idle\"><figure class=\"fg-item-inner\"><a href=\"https:\/\/www.melodygarreau.com\/wp-content\/uploads\/2026\/04\/lu1a7615-scaled.jpg\" data-attachment-id=\"1775\" data-type=\"image\" class=\"fg-thumb\"><span class=\"fg-image-wrap\"><img width=\"960\" height=\"1439\" class=\"skip-lazy fg-image\" data-src-fg=\"https:\/\/www.melodygarreau.com\/wp-content\/uploads\/2026\/04\/lu1a7615-scaled.jpg\" src=\"data:image\/svg+xml,%3Csvg%20xmlns%3D%22http%3A%2F%2Fwww.w3.org%2F2000%2Fsvg%22%20width%3D%22960%22%20height%3D%221439%22%20viewBox%3D%220%200%20960%201439%22%3E%3C%2Fsvg%3E\" loading=\"eager\"><\/span><span class=\"fg-image-overlay\"><\/span><\/a><\/figure><div class=\"fg-loader\"><\/div><\/div><div class=\"fg-item fg-type-image fg-idle\"><figure class=\"fg-item-inner\"><a href=\"https:\/\/www.melodygarreau.com\/wp-content\/uploads\/2026\/04\/lu1a7705-scaled.jpg\" data-attachment-id=\"1779\" data-type=\"image\" class=\"fg-thumb\"><span class=\"fg-image-wrap\"><img width=\"960\" height=\"1439\" class=\"skip-lazy fg-image\" data-src-fg=\"https:\/\/www.melodygarreau.com\/wp-content\/uploads\/2026\/04\/lu1a7705-scaled.jpg\" src=\"data:image\/svg+xml,%3Csvg%20xmlns%3D%22http%3A%2F%2Fwww.w3.org%2F2000%2Fsvg%22%20width%3D%22960%22%20height%3D%221439%22%20viewBox%3D%220%200%20960%201439%22%3E%3C%2Fsvg%3E\" loading=\"eager\"><\/span><span class=\"fg-image-overlay\"><\/span><\/a><\/figure><div class=\"fg-loader\"><\/div><\/div><div class=\"fg-item fg-type-image fg-idle\"><figure class=\"fg-item-inner\"><a href=\"https:\/\/www.melodygarreau.com\/wp-content\/uploads\/2026\/04\/lu1a7845-scaled.jpg\" data-attachment-id=\"1786\" data-type=\"image\" class=\"fg-thumb\"><span class=\"fg-image-wrap\"><img width=\"960\" height=\"1439\" class=\"skip-lazy fg-image\" data-src-fg=\"https:\/\/www.melodygarreau.com\/wp-content\/uploads\/2026\/04\/lu1a7845-scaled.jpg\" src=\"data:image\/svg+xml,%3Csvg%20xmlns%3D%22http%3A%2F%2Fwww.w3.org%2F2000%2Fsvg%22%20width%3D%22960%22%20height%3D%221439%22%20viewBox%3D%220%200%20960%201439%22%3E%3C%2Fsvg%3E\" loading=\"eager\"><\/span><span class=\"fg-image-overlay\"><\/span><\/a><\/figure><div class=\"fg-loader\"><\/div><\/div><div class=\"fg-item fg-type-image fg-idle\"><figure class=\"fg-item-inner\"><a href=\"https:\/\/www.melodygarreau.com\/wp-content\/uploads\/2026\/04\/lea_belini_enceinte-07-2024_-27-scaled.jpg\" data-attachment-id=\"1791\" data-type=\"image\" class=\"fg-thumb\"><span class=\"fg-image-wrap\"><img width=\"960\" height=\"1439\" class=\"skip-lazy fg-image\" data-src-fg=\"https:\/\/www.melodygarreau.com\/wp-content\/uploads\/2026\/04\/lea_belini_enceinte-07-2024_-27-scaled.jpg\" src=\"data:image\/svg+xml,%3Csvg%20xmlns%3D%22http%3A%2F%2Fwww.w3.org%2F2000%2Fsvg%22%20width%3D%22960%22%20height%3D%221439%22%20viewBox%3D%220%200%20960%201439%22%3E%3C%2Fsvg%3E\" loading=\"eager\"><\/span><span class=\"fg-image-overlay\"><\/span><\/a><\/figure><div class=\"fg-loader\"><\/div><\/div><div class=\"fg-item fg-type-image fg-idle\"><figure class=\"fg-item-inner\"><a href=\"https:\/\/www.melodygarreau.com\/wp-content\/uploads\/2021\/03\/lu1a7550.jpg\" data-attachment-id=\"1053\" data-type=\"image\" class=\"fg-thumb\"><span class=\"fg-image-wrap\"><img width=\"960\" height=\"1440\" class=\"skip-lazy fg-image\" data-src-fg=\"https:\/\/www.melodygarreau.com\/wp-content\/uploads\/2021\/03\/lu1a7550.jpg\" src=\"data:image\/svg+xml,%3Csvg%20xmlns%3D%22http%3A%2F%2Fwww.w3.org%2F2000%2Fsvg%22%20width%3D%22960%22%20height%3D%221440%22%20viewBox%3D%220%200%20960%201440%22%3E%3C%2Fsvg%3E\" loading=\"eager\"><\/span><span class=\"fg-image-overlay\"><\/span><\/a><\/figure><div class=\"fg-loader\"><\/div><\/div><div class=\"fg-item fg-type-image fg-idle\"><figure class=\"fg-item-inner\"><a href=\"https:\/\/www.melodygarreau.com\/wp-content\/uploads\/2021\/03\/mg_a_b_20_09_120_01.jpg\" data-attachment-id=\"1056\" data-type=\"image\" class=\"fg-thumb\"><span class=\"fg-image-wrap\"><img width=\"960\" height=\"960\" class=\"skip-lazy fg-image\" data-src-fg=\"https:\/\/www.melodygarreau.com\/wp-content\/uploads\/2021\/03\/mg_a_b_20_09_120_01.jpg\" src=\"data:image\/svg+xml,%3Csvg%20xmlns%3D%22http%3A%2F%2Fwww.w3.org%2F2000%2Fsvg%22%20width%3D%22960%22%20height%3D%22960%22%20viewBox%3D%220%200%20960%20960%22%3E%3C%2Fsvg%3E\" loading=\"eager\"><\/span><span class=\"fg-image-overlay\"><\/span><\/a><\/figure><div class=\"fg-loader\"><\/div><\/div><div class=\"fg-item fg-type-image fg-idle\"><figure class=\"fg-item-inner\"><a href=\"https:\/\/www.melodygarreau.com\/wp-content\/uploads\/2026\/04\/lea_belini_enceinte-07-2024_-8-scaled.jpg\" data-attachment-id=\"1790\" data-type=\"image\" class=\"fg-thumb\"><span class=\"fg-image-wrap\"><img width=\"960\" height=\"1439\" class=\"skip-lazy fg-image\" data-src-fg=\"https:\/\/www.melodygarreau.com\/wp-content\/uploads\/2026\/04\/lea_belini_enceinte-07-2024_-8-scaled.jpg\" src=\"data:image\/svg+xml,%3Csvg%20xmlns%3D%22http%3A%2F%2Fwww.w3.org%2F2000%2Fsvg%22%20width%3D%22960%22%20height%3D%221439%22%20viewBox%3D%220%200%20960%201439%22%3E%3C%2Fsvg%3E\" loading=\"eager\"><\/span><span class=\"fg-image-overlay\"><\/span><\/a><\/figure><div class=\"fg-loader\"><\/div><\/div><div class=\"fg-item fg-type-image fg-idle\"><figure class=\"fg-item-inner\"><a href=\"https:\/\/www.melodygarreau.com\/wp-content\/uploads\/2026\/04\/lu1a7943-scaled.jpg\" data-attachment-id=\"1789\" data-type=\"image\" class=\"fg-thumb\"><span class=\"fg-image-wrap\"><img width=\"960\" height=\"1439\" class=\"skip-lazy fg-image\" data-src-fg=\"https:\/\/www.melodygarreau.com\/wp-content\/uploads\/2026\/04\/lu1a7943-scaled.jpg\" src=\"data:image\/svg+xml,%3Csvg%20xmlns%3D%22http%3A%2F%2Fwww.w3.org%2F2000%2Fsvg%22%20width%3D%22960%22%20height%3D%221439%22%20viewBox%3D%220%200%20960%201439%22%3E%3C%2Fsvg%3E\" loading=\"eager\"><\/span><span class=\"fg-image-overlay\"><\/span><\/a><\/figure><div class=\"fg-loader\"><\/div><\/div><div class=\"fg-item fg-type-image fg-idle\"><figure class=\"fg-item-inner\"><a href=\"https:\/\/www.melodygarreau.com\/wp-content\/uploads\/2026\/04\/lu1a7740-scaled.jpg\" data-attachment-id=\"1782\" data-type=\"image\" class=\"fg-thumb\"><span class=\"fg-image-wrap\"><img width=\"960\" height=\"1439\" class=\"skip-lazy fg-image\" data-src-fg=\"https:\/\/www.melodygarreau.com\/wp-content\/uploads\/2026\/04\/lu1a7740-scaled.jpg\" src=\"data:image\/svg+xml,%3Csvg%20xmlns%3D%22http%3A%2F%2Fwww.w3.org%2F2000%2Fsvg%22%20width%3D%22960%22%20height%3D%221439%22%20viewBox%3D%220%200%20960%201439%22%3E%3C%2Fsvg%3E\" loading=\"eager\"><\/span><span class=\"fg-image-overlay\"><\/span><\/a><\/figure><div class=\"fg-loader\"><\/div><\/div><div class=\"fg-item fg-type-image fg-idle\"><figure class=\"fg-item-inner\"><a href=\"https:\/\/www.melodygarreau.com\/wp-content\/uploads\/2026\/04\/lu1a7587-scaled.jpg\" data-attachment-id=\"1774\" data-type=\"image\" class=\"fg-thumb\"><span class=\"fg-image-wrap\"><img width=\"960\" height=\"1439\" class=\"skip-lazy fg-image\" data-src-fg=\"https:\/\/www.melodygarreau.com\/wp-content\/uploads\/2026\/04\/lu1a7587-scaled.jpg\" src=\"data:image\/svg+xml,%3Csvg%20xmlns%3D%22http%3A%2F%2Fwww.w3.org%2F2000%2Fsvg%22%20width%3D%22960%22%20height%3D%221439%22%20viewBox%3D%220%200%20960%201439%22%3E%3C%2Fsvg%3E\" loading=\"eager\"><\/span><span class=\"fg-image-overlay\"><\/span><\/a><\/figure><div class=\"fg-loader\"><\/div><\/div><div class=\"fg-item fg-type-image fg-idle\"><figure class=\"fg-item-inner\"><a href=\"https:\/\/www.melodygarreau.com\/wp-content\/uploads\/2026\/04\/lu1a7811-scaled.jpg\" data-attachment-id=\"1785\" data-type=\"image\" class=\"fg-thumb\"><span class=\"fg-image-wrap\"><img width=\"960\" height=\"1439\" class=\"skip-lazy fg-image\" data-src-fg=\"https:\/\/www.melodygarreau.com\/wp-content\/uploads\/2026\/04\/lu1a7811-scaled.jpg\" src=\"data:image\/svg+xml,%3Csvg%20xmlns%3D%22http%3A%2F%2Fwww.w3.org%2F2000%2Fsvg%22%20width%3D%22960%22%20height%3D%221439%22%20viewBox%3D%220%200%20960%201439%22%3E%3C%2Fsvg%3E\" loading=\"eager\"><\/span><span class=\"fg-image-overlay\"><\/span><\/a><\/figure><div class=\"fg-loader\"><\/div><\/div><div class=\"fg-item fg-type-image fg-idle\"><figure class=\"fg-item-inner\"><a href=\"https:\/\/www.melodygarreau.com\/wp-content\/uploads\/2021\/03\/lu1a7381.jpg\" data-attachment-id=\"1050\" data-type=\"image\" class=\"fg-thumb\"><span class=\"fg-image-wrap\"><img width=\"960\" height=\"1440\" class=\"skip-lazy fg-image\" data-src-fg=\"https:\/\/www.melodygarreau.com\/wp-content\/uploads\/2021\/03\/lu1a7381.jpg\" src=\"data:image\/svg+xml,%3Csvg%20xmlns%3D%22http%3A%2F%2Fwww.w3.org%2F2000%2Fsvg%22%20width%3D%22960%22%20height%3D%221440%22%20viewBox%3D%220%200%20960%201440%22%3E%3C%2Fsvg%3E\" loading=\"eager\"><\/span><span class=\"fg-image-overlay\"><\/span><\/a><\/figure><div class=\"fg-loader\"><\/div><\/div><div class=\"fg-item fg-type-image fg-idle\"><figure class=\"fg-item-inner\"><a href=\"https:\/\/www.melodygarreau.com\/wp-content\/uploads\/2021\/03\/lu1a7241.jpg\" data-attachment-id=\"1048\" data-type=\"image\" class=\"fg-thumb\"><span class=\"fg-image-wrap\"><img width=\"960\" height=\"960\" class=\"skip-lazy fg-image\" data-src-fg=\"https:\/\/www.melodygarreau.com\/wp-content\/uploads\/2021\/03\/lu1a7241.jpg\" src=\"data:image\/svg+xml,%3Csvg%20xmlns%3D%22http%3A%2F%2Fwww.w3.org%2F2000%2Fsvg%22%20width%3D%22960%22%20height%3D%22960%22%20viewBox%3D%220%200%20960%20960%22%3E%3C%2Fsvg%3E\" loading=\"eager\"><\/span><span class=\"fg-image-overlay\"><\/span><\/a><\/figure><div class=\"fg-loader\"><\/div><\/div><div class=\"fg-item fg-type-image fg-idle\"><figure class=\"fg-item-inner\"><a href=\"https:\/\/www.melodygarreau.com\/wp-content\/uploads\/2026\/04\/lu1a7443-scaled.jpg\" data-attachment-id=\"1772\" data-type=\"image\" class=\"fg-thumb\"><span class=\"fg-image-wrap\"><img width=\"960\" height=\"1439\" class=\"skip-lazy fg-image\" data-src-fg=\"https:\/\/www.melodygarreau.com\/wp-content\/uploads\/2026\/04\/lu1a7443-scaled.jpg\" src=\"data:image\/svg+xml,%3Csvg%20xmlns%3D%22http%3A%2F%2Fwww.w3.org%2F2000%2Fsvg%22%20width%3D%22960%22%20height%3D%221439%22%20viewBox%3D%220%200%20960%201439%22%3E%3C%2Fsvg%3E\" loading=\"eager\"><\/span><span class=\"fg-image-overlay\"><\/span><\/a><\/figure><div class=\"fg-loader\"><\/div><\/div><\/div>\n[\/vc_column_text][\/vc_column][\/mk_page_section]\n","protected":false},"excerpt":{"rendered":"<p>[mk_page_section video_loop=\u00a0\u00bbfalse\u00a0\u00bb section_layout=\u00a0\u00bbleft\u00a0\u00bb full_width=\u00a0\u00bbtrue\u00a0\u00bb full_height=\u00a0\u00bbtrue\u00a0\u00bb padding_top=\u00a0\u00bb0&Prime; padding_bottom=\u00a0\u00bb0&Prime; sidebar=\u00a0\u00bbsidebar-1&Prime;][vc_column][vc_empty_space height=\u00a0\u00bb80px\u00a0\u00bb][vc_column_text] [\/vc_column_text][\/vc_column][\/mk_page_section]<\/p>\n","protected":false},"author":3,"featured_media":1061,"parent":0,"menu_order":0,"comment_status":"closed","ping_status":"closed","template":"","meta":[],"yoast_head":"<!-- This site is optimized with the Yoast SEO plugin v21.8.1 - https:\/\/yoast.com\/wordpress\/plugins\/seo\/ -->\n<title>Maternit\u00e9 - Melody Garreau<\/title>\n<meta name=\"description\" content=\"Portraits de maternit\u00e9. Je suis disponible pour des s\u00e9ances photos priv\u00e9es (maternit\u00e9, mariage, portraits d&#039;artistes). Contactez moi pour plus d&#039;infos.\" \/>\n<meta name=\"robots\" content=\"index, follow, max-snippet:-1, max-image-preview:large, max-video-preview:-1\" \/>\n<link rel=\"canonical\" href=\"https:\/\/www.melodygarreau.com\/fr\/maternite\/\" \/>\n<meta property=\"og:locale\" content=\"fr_FR\" \/>\n<meta property=\"og:type\" content=\"article\" \/>\n<meta property=\"og:title\" content=\"Maternit\u00e9 - Melody Garreau\" \/>\n<meta property=\"og:description\" content=\"Portraits de maternit\u00e9. Je suis disponible pour des s\u00e9ances photos priv\u00e9es (maternit\u00e9, mariage, portraits d&#039;artistes). Contactez moi pour plus d&#039;infos.\" \/>\n<meta property=\"og:url\" content=\"https:\/\/www.melodygarreau.com\/fr\/maternite\/\" \/>\n<meta property=\"og:site_name\" content=\"Melody Garreau\" \/>\n<meta property=\"article:modified_time\" content=\"2021-03-15T20:03:24+00:00\" \/>\n<meta property=\"og:image\" content=\"https:\/\/www.melodygarreau.com\/wp-content\/uploads\/2021\/03\/lu1a7670.jpg\" \/>\n\t<meta property=\"og:image:width\" content=\"1280\" \/>\n\t<meta property=\"og:image:height\" content=\"1280\" \/>\n\t<meta property=\"og:image:type\" content=\"image\/jpeg\" \/>\n<meta name=\"twitter:card\" content=\"summary_large_image\" \/>\n<meta name=\"twitter:label1\" content=\"Dur\u00e9e de lecture estim\u00e9e\" \/>\n\t<meta name=\"twitter:data1\" content=\"1 minute\" \/>\n<script type=\"application\/ld+json\" class=\"yoast-schema-graph\">{\"@context\":\"https:\/\/schema.org\",\"@graph\":[{\"@type\":\"WebPage\",\"@id\":\"https:\/\/www.melodygarreau.com\/fr\/maternite\/\",\"url\":\"https:\/\/www.melodygarreau.com\/fr\/maternite\/\",\"name\":\"Maternit\u00e9 - Melody Garreau\",\"isPartOf\":{\"@id\":\"https:\/\/www.melodygarreau.com\/fr\/#website\"},\"datePublished\":\"2020-10-27T14:40:52+00:00\",\"dateModified\":\"2021-03-15T20:03:24+00:00\",\"description\":\"Portraits de maternit\u00e9. Je suis disponible pour des s\u00e9ances photos priv\u00e9es (maternit\u00e9, mariage, portraits d'artistes). Contactez moi pour plus d'infos.\",\"breadcrumb\":{\"@id\":\"https:\/\/www.melodygarreau.com\/fr\/maternite\/#breadcrumb\"},\"inLanguage\":\"fr-FR\",\"potentialAction\":[{\"@type\":\"ReadAction\",\"target\":[\"https:\/\/www.melodygarreau.com\/fr\/maternite\/\"]}]},{\"@type\":\"BreadcrumbList\",\"@id\":\"https:\/\/www.melodygarreau.com\/fr\/maternite\/#breadcrumb\",\"itemListElement\":[{\"@type\":\"ListItem\",\"position\":1,\"name\":\"Accueil\",\"item\":\"https:\/\/www.melodygarreau.com\/fr\/\"},{\"@type\":\"ListItem\",\"position\":2,\"name\":\"Maternit\u00e9\"}]},{\"@type\":\"WebSite\",\"@id\":\"https:\/\/www.melodygarreau.com\/fr\/#website\",\"url\":\"https:\/\/www.melodygarreau.com\/fr\/\",\"name\":\"Melody Garreau\",\"description\":\"Photographe\",\"potentialAction\":[{\"@type\":\"SearchAction\",\"target\":{\"@type\":\"EntryPoint\",\"urlTemplate\":\"https:\/\/www.melodygarreau.com\/fr\/?s={search_term_string}\"},\"query-input\":\"required name=search_term_string\"}],\"inLanguage\":\"fr-FR\"}]}<\/script>\n<!-- \/ Yoast SEO plugin. -->","yoast_head_json":{"title":"Maternit\u00e9 - Melody Garreau","description":"Portraits de maternit\u00e9. Je suis disponible pour des s\u00e9ances photos priv\u00e9es (maternit\u00e9, mariage, portraits d'artistes). Contactez moi pour plus d'infos.","robots":{"index":"index","follow":"follow","max-snippet":"max-snippet:-1","max-image-preview":"max-image-preview:large","max-video-preview":"max-video-preview:-1"},"canonical":"https:\/\/www.melodygarreau.com\/fr\/maternite\/","og_locale":"fr_FR","og_type":"article","og_title":"Maternit\u00e9 - Melody Garreau","og_description":"Portraits de maternit\u00e9. Je suis disponible pour des s\u00e9ances photos priv\u00e9es (maternit\u00e9, mariage, portraits d'artistes). Contactez moi pour plus d'infos.","og_url":"https:\/\/www.melodygarreau.com\/fr\/maternite\/","og_site_name":"Melody Garreau","article_modified_time":"2021-03-15T20:03:24+00:00","og_image":[{"width":1280,"height":1280,"url":"https:\/\/www.melodygarreau.com\/wp-content\/uploads\/2021\/03\/lu1a7670.jpg","type":"image\/jpeg"}],"twitter_card":"summary_large_image","twitter_misc":{"Dur\u00e9e de lecture estim\u00e9e":"1 minute"},"schema":{"@context":"https:\/\/schema.org","@graph":[{"@type":"WebPage","@id":"https:\/\/www.melodygarreau.com\/fr\/maternite\/","url":"https:\/\/www.melodygarreau.com\/fr\/maternite\/","name":"Maternit\u00e9 - Melody Garreau","isPartOf":{"@id":"https:\/\/www.melodygarreau.com\/fr\/#website"},"datePublished":"2020-10-27T14:40:52+00:00","dateModified":"2021-03-15T20:03:24+00:00","description":"Portraits de maternit\u00e9. Je suis disponible pour des s\u00e9ances photos priv\u00e9es (maternit\u00e9, mariage, portraits d'artistes). Contactez moi pour plus d'infos.","breadcrumb":{"@id":"https:\/\/www.melodygarreau.com\/fr\/maternite\/#breadcrumb"},"inLanguage":"fr-FR","potentialAction":[{"@type":"ReadAction","target":["https:\/\/www.melodygarreau.com\/fr\/maternite\/"]}]},{"@type":"BreadcrumbList","@id":"https:\/\/www.melodygarreau.com\/fr\/maternite\/#breadcrumb","itemListElement":[{"@type":"ListItem","position":1,"name":"Accueil","item":"https:\/\/www.melodygarreau.com\/fr\/"},{"@type":"ListItem","position":2,"name":"Maternit\u00e9"}]},{"@type":"WebSite","@id":"https:\/\/www.melodygarreau.com\/fr\/#website","url":"https:\/\/www.melodygarreau.com\/fr\/","name":"Melody Garreau","description":"Photographe","potentialAction":[{"@type":"SearchAction","target":{"@type":"EntryPoint","urlTemplate":"https:\/\/www.melodygarreau.com\/fr\/?s={search_term_string}"},"query-input":"required name=search_term_string"}],"inLanguage":"fr-FR"}]}},"_links":{"self":[{"href":"https:\/\/www.melodygarreau.com\/fr\/wp-json\/wp\/v2\/pages\/934"}],"collection":[{"href":"https:\/\/www.melodygarreau.com\/fr\/wp-json\/wp\/v2\/pages"}],"about":[{"href":"https:\/\/www.melodygarreau.com\/fr\/wp-json\/wp\/v2\/types\/page"}],"author":[{"embeddable":true,"href":"https:\/\/www.melodygarreau.com\/fr\/wp-json\/wp\/v2\/users\/3"}],"replies":[{"embeddable":true,"href":"https:\/\/www.melodygarreau.com\/fr\/wp-json\/wp\/v2\/comments?post=934"}],"version-history":[{"count":11,"href":"https:\/\/www.melodygarreau.com\/fr\/wp-json\/wp\/v2\/pages\/934\/revisions"}],"predecessor-version":[{"id":1062,"href":"https:\/\/www.melodygarreau.com\/fr\/wp-json\/wp\/v2\/pages\/934\/revisions\/1062"}],"wp:featuredmedia":[{"embeddable":true,"href":"https:\/\/www.melodygarreau.com\/fr\/wp-json\/wp\/v2\/media\/1061"}],"wp:attachment":[{"href":"https:\/\/www.melodygarreau.com\/fr\/wp-json\/wp\/v2\/media?parent=934"}],"curies":[{"name":"wp","href":"https:\/\/api.w.org\/{rel}","templated":true}]}}