{"id":82,"date":"2018-11-25T16:55:58","date_gmt":"2018-11-25T15:55:58","guid":{"rendered":"https:\/\/www.melodygarreau.com\/?page_id=82"},"modified":"2026-01-19T13:18:01","modified_gmt":"2026-01-19T12:18:01","slug":"bio","status":"publish","type":"page","link":"https:\/\/www.melodygarreau.com\/fr\/bio\/","title":{"rendered":"Bio"},"content":{"rendered":"[mk_page_section video_loop=\u00a0\u00bbfalse\u00a0\u00bb section_layout=\u00a0\u00bbleft\u00a0\u00bb full_width=\u00a0\u00bbtrue\u00a0\u00bb padding_top=\u00a0\u00bb0&Prime; padding_bottom=\u00a0\u00bb0&Prime; sidebar=\u00a0\u00bbsidebar-1&Prime;][vc_column][vc_row_inner][vc_column_inner][vc_column_text]\n<p class=\"p1\"><span class=\"s1\"><img decoding=\"async\" loading=\"lazy\" class=\"photo-portrait alignleft wp-image-1086\" src=\"https:\/\/www.melodygarreau.com\/wp-content\/uploads\/2021\/03\/mg_a_b_20_09_120_11-300x300.jpg\" alt=\"\" width=\"215\" height=\"215\" srcset=\"https:\/\/www.melodygarreau.com\/wp-content\/uploads\/2021\/03\/mg_a_b_20_09_120_11-300x300.jpg 300w, https:\/\/www.melodygarreau.com\/wp-content\/uploads\/2021\/03\/mg_a_b_20_09_120_11-1024x1024.jpg 1024w, https:\/\/www.melodygarreau.com\/wp-content\/uploads\/2021\/03\/mg_a_b_20_09_120_11-150x150.jpg 150w, https:\/\/www.melodygarreau.com\/wp-content\/uploads\/2021\/03\/mg_a_b_20_09_120_11-768x768.jpg 768w, https:\/\/www.melodygarreau.com\/wp-content\/uploads\/2021\/03\/mg_a_b_20_09_120_11-550x550.jpg 550w, https:\/\/www.melodygarreau.com\/wp-content\/uploads\/2021\/03\/mg_a_b_20_09_120_11-1100x1100.jpg 1100w, https:\/\/www.melodygarreau.com\/wp-content\/uploads\/2021\/03\/mg_a_b_20_09_120_11-500x500.jpg 500w, https:\/\/www.melodygarreau.com\/wp-content\/uploads\/2021\/03\/mg_a_b_20_09_120_11-225x225.jpg 225w, https:\/\/www.melodygarreau.com\/wp-content\/uploads\/2021\/03\/mg_a_b_20_09_120_11-200x200.jpg 200w, https:\/\/www.melodygarreau.com\/wp-content\/uploads\/2021\/03\/mg_a_b_20_09_120_11-400x400.jpg 400w, https:\/\/www.melodygarreau.com\/wp-content\/uploads\/2021\/03\/mg_a_b_20_09_120_11-260x260.jpg 260w, https:\/\/www.melodygarreau.com\/wp-content\/uploads\/2021\/03\/mg_a_b_20_09_120_11-600x600.jpg 600w, https:\/\/www.melodygarreau.com\/wp-content\/uploads\/2021\/03\/mg_a_b_20_09_120_11-1200x1200.jpg 1200w, https:\/\/www.melodygarreau.com\/wp-content\/uploads\/2021\/03\/mg_a_b_20_09_120_11-414x414.jpg 414w, https:\/\/www.melodygarreau.com\/wp-content\/uploads\/2021\/03\/mg_a_b_20_09_120_11-266x266.jpg 266w, https:\/\/www.melodygarreau.com\/wp-content\/uploads\/2021\/03\/mg_a_b_20_09_120_11.jpg 1280w\" sizes=\"(max-width: 215px) 100vw, 215px\" \/><\/span><\/p>\n<p class=\"p1\"><span class=\"s1\">Melody Garreau est une photographe franco-anglaise, n\u00e9e \u00e0 Brighton. En 2014, elle quitte sa ville natale pour s\u2019installer \u00e0 Toulouse o\u00f9 elle r\u00e9side actuellement. Dipl\u00f4m\u00e9e en 2017 d\u2019une licence en photographie \u00e0 l\u2019ETPA, elle en sort laur\u00e9ate du Grand Prix.<span class=\"Apple-converted-space\">\u00a0<\/span><\/span><\/p>\n<p class=\"p1\"><span class=\"s1\">Au seuil du documentaire et de l\u2019intime,\u00a0Melody se glisse dans des univers familiaux ou sociaux souvent\u00a0\u00e9loign\u00e9s des regards.<span class=\"Apple-converted-space\"><br \/>\n<\/span><\/span><span class=\"s1\">Elle\u00a0sonde les espaces fronti\u00e8res entre la disparition et la trace, en y injectant une fragilit\u00e9 qui lui est propre. Elle y recueille la m\u00e9moire d\u2019un lieu, d\u2019une \u00e9poque ; les \u00e9chos, les empreintes, les paysages individuels et (in)tangibles.<\/span><\/p>\n<p class=\"p1\"><span class=\"s1\">Ses photographies sont r\u00e9guli\u00e8rement expos\u00e9es lors de festivals et \u00e9v\u00e9nements artistiques en France, notamment \u00e0 \u00ab Manifesto \u00bb Toulouse ou aux \u00ab Promenades Photographiques \u00bb de Vend\u00f4me.<br \/>\n<\/span><span class=\"s1\">En 2019 elle entame une r\u00e9sidence photographique le long des canaux du Midi intitul\u00e9e D\u2019OC port\u00e9e par ImageSinguli\u00e8res.<span class=\"Apple-converted-space\"><br \/>\n<\/span><\/span><span class=\"s1\">Ce travail a \u00e9t\u00e9 publi\u00e9 dans le livre D\u2019OC six regards sur l\u2019Occitanie \u00e9dit\u00e9 par Lamaindonne, suite \u00e0 l\u2019exposition collective \u00e9ponyme au \u00ab Centre Photographique Documentaire \u00bb de S\u00e8te. Ce travail, encore actuel, est approfondi lors d\u2019une r\u00e9sidence dans le cadre de Cr\u00e9ation en Cours des Ateliers M\u00e9dicis en 2022.<\/span><\/p>\n[\/vc_column_text][\/vc_column_inner][\/vc_row_inner][\/vc_column][\/mk_page_section][vc_row disable_element=\u00a0\u00bbyes\u00a0\u00bb][vc_column][vc_raw_html]JTNDc3R5bGUlM0UlMEElNDBtZWRpYSUyMG9ubHklMjBzY3JlZW4lMjBhbmQlMjAlMjhtYXgtd2lkdGglM0ElMjA2MzBweCUyOSUyMCU3QiUwQSUwOS5waG90by1wb3J0cmFpdCUyMCU3QiUwQSUwOSUwOXdpZHRoJTNBJTIwMTAwJTI1JTIwJTIxaW1wb3J0YW50JTNCJTBBJTA5JTA5aGVpZ2h0JTNBJTIwYXV0byUyMCUyMWltcG9ydGFudCUzQiUwQSUwOSU3RCUwQSU3RCUwQSUzQyUyRnN0eWxlJTNF[\/vc_raw_html][\/vc_column][\/vc_row]\n","protected":false},"excerpt":{"rendered":"<p>[mk_page_section video_loop=\u00a0\u00bbfalse\u00a0\u00bb section_layout=\u00a0\u00bbleft\u00a0\u00bb full_width=\u00a0\u00bbtrue\u00a0\u00bb padding_top=\u00a0\u00bb0&Prime; padding_bottom=\u00a0\u00bb0&Prime; sidebar=\u00a0\u00bbsidebar-1&Prime;][vc_column][vc_row_inner][vc_column_inner][vc_column_text] Melody Garreau est une photographe franco-anglaise, n\u00e9e \u00e0 Brighton. En 2014, elle quitte sa ville natale pour s\u2019installer \u00e0 Toulouse o\u00f9 elle r\u00e9side actuellement. Dipl\u00f4m\u00e9e en 2017 d\u2019une licence en photographie \u00e0 l\u2019ETPA, elle en sort laur\u00e9ate du Grand Prix.\u00a0 Au seuil du documentaire et de l\u2019intime,\u00a0Melody se [&hellip;]<\/p>\n","protected":false},"author":3,"featured_media":162,"parent":0,"menu_order":0,"comment_status":"closed","ping_status":"closed","template":"","meta":[],"yoast_head":"<!-- This site is optimized with the Yoast SEO plugin v21.8.1 - https:\/\/yoast.com\/wordpress\/plugins\/seo\/ -->\n<title>Bio - Melody Garreau<\/title>\n<meta name=\"description\" content=\"Melody travaille principalement avec des proc\u00e9d\u00e9s argentiques. Le documentaire et l\u2019intime, particuli\u00e8rement celui de la famille, sont au coeur de son travail.\" \/>\n<meta name=\"robots\" content=\"index, follow, max-snippet:-1, max-image-preview:large, max-video-preview:-1\" \/>\n<link rel=\"canonical\" href=\"https:\/\/www.melodygarreau.com\/fr\/bio\/\" \/>\n<meta property=\"og:locale\" content=\"fr_FR\" \/>\n<meta property=\"og:type\" content=\"article\" \/>\n<meta property=\"og:title\" content=\"Bio - Melody Garreau\" \/>\n<meta property=\"og:description\" content=\"Melody travaille principalement avec des proc\u00e9d\u00e9s argentiques. Le documentaire et l\u2019intime, particuli\u00e8rement celui de la famille, sont au coeur de son travail.\" \/>\n<meta property=\"og:url\" content=\"https:\/\/www.melodygarreau.com\/fr\/bio\/\" \/>\n<meta property=\"og:site_name\" content=\"Melody Garreau\" \/>\n<meta property=\"article:modified_time\" content=\"2026-01-19T12:18:01+00:00\" \/>\n<meta property=\"og:image\" content=\"https:\/\/www.melodygarreau.com\/wp-content\/uploads\/2018\/11\/melody_contact.jpg\" \/>\n\t<meta property=\"og:image:width\" content=\"822\" \/>\n\t<meta property=\"og:image:height\" content=\"822\" \/>\n\t<meta property=\"og:image:type\" content=\"image\/jpeg\" \/>\n<meta name=\"twitter:card\" content=\"summary_large_image\" \/>\n<meta name=\"twitter:label1\" content=\"Dur\u00e9e de lecture estim\u00e9e\" \/>\n\t<meta name=\"twitter:data1\" content=\"2 minutes\" \/>\n<script type=\"application\/ld+json\" class=\"yoast-schema-graph\">{\"@context\":\"https:\/\/schema.org\",\"@graph\":[{\"@type\":\"WebPage\",\"@id\":\"https:\/\/www.melodygarreau.com\/fr\/bio\/\",\"url\":\"https:\/\/www.melodygarreau.com\/fr\/bio\/\",\"name\":\"Bio - Melody Garreau\",\"isPartOf\":{\"@id\":\"https:\/\/www.melodygarreau.com\/fr\/#website\"},\"datePublished\":\"2018-11-25T15:55:58+00:00\",\"dateModified\":\"2026-01-19T12:18:01+00:00\",\"description\":\"Melody travaille principalement avec des proc\u00e9d\u00e9s argentiques. Le documentaire et l\u2019intime, particuli\u00e8rement celui de la famille, sont au coeur de son travail.\",\"breadcrumb\":{\"@id\":\"https:\/\/www.melodygarreau.com\/fr\/bio\/#breadcrumb\"},\"inLanguage\":\"fr-FR\",\"potentialAction\":[{\"@type\":\"ReadAction\",\"target\":[\"https:\/\/www.melodygarreau.com\/fr\/bio\/\"]}]},{\"@type\":\"BreadcrumbList\",\"@id\":\"https:\/\/www.melodygarreau.com\/fr\/bio\/#breadcrumb\",\"itemListElement\":[{\"@type\":\"ListItem\",\"position\":1,\"name\":\"Accueil\",\"item\":\"https:\/\/www.melodygarreau.com\/fr\/\"},{\"@type\":\"ListItem\",\"position\":2,\"name\":\"Bio\"}]},{\"@type\":\"WebSite\",\"@id\":\"https:\/\/www.melodygarreau.com\/fr\/#website\",\"url\":\"https:\/\/www.melodygarreau.com\/fr\/\",\"name\":\"Melody Garreau\",\"description\":\"Photographe\",\"potentialAction\":[{\"@type\":\"SearchAction\",\"target\":{\"@type\":\"EntryPoint\",\"urlTemplate\":\"https:\/\/www.melodygarreau.com\/fr\/?s={search_term_string}\"},\"query-input\":\"required name=search_term_string\"}],\"inLanguage\":\"fr-FR\"}]}<\/script>\n<!-- \/ Yoast SEO plugin. -->","yoast_head_json":{"title":"Bio - Melody Garreau","description":"Melody travaille principalement avec des proc\u00e9d\u00e9s argentiques. Le documentaire et l\u2019intime, particuli\u00e8rement celui de la famille, sont au coeur de son travail.","robots":{"index":"index","follow":"follow","max-snippet":"max-snippet:-1","max-image-preview":"max-image-preview:large","max-video-preview":"max-video-preview:-1"},"canonical":"https:\/\/www.melodygarreau.com\/fr\/bio\/","og_locale":"fr_FR","og_type":"article","og_title":"Bio - Melody Garreau","og_description":"Melody travaille principalement avec des proc\u00e9d\u00e9s argentiques. Le documentaire et l\u2019intime, particuli\u00e8rement celui de la famille, sont au coeur de son travail.","og_url":"https:\/\/www.melodygarreau.com\/fr\/bio\/","og_site_name":"Melody Garreau","article_modified_time":"2026-01-19T12:18:01+00:00","og_image":[{"width":822,"height":822,"url":"https:\/\/www.melodygarreau.com\/wp-content\/uploads\/2018\/11\/melody_contact.jpg","type":"image\/jpeg"}],"twitter_card":"summary_large_image","twitter_misc":{"Dur\u00e9e de lecture estim\u00e9e":"2 minutes"},"schema":{"@context":"https:\/\/schema.org","@graph":[{"@type":"WebPage","@id":"https:\/\/www.melodygarreau.com\/fr\/bio\/","url":"https:\/\/www.melodygarreau.com\/fr\/bio\/","name":"Bio - Melody Garreau","isPartOf":{"@id":"https:\/\/www.melodygarreau.com\/fr\/#website"},"datePublished":"2018-11-25T15:55:58+00:00","dateModified":"2026-01-19T12:18:01+00:00","description":"Melody travaille principalement avec des proc\u00e9d\u00e9s argentiques. Le documentaire et l\u2019intime, particuli\u00e8rement celui de la famille, sont au coeur de son travail.","breadcrumb":{"@id":"https:\/\/www.melodygarreau.com\/fr\/bio\/#breadcrumb"},"inLanguage":"fr-FR","potentialAction":[{"@type":"ReadAction","target":["https:\/\/www.melodygarreau.com\/fr\/bio\/"]}]},{"@type":"BreadcrumbList","@id":"https:\/\/www.melodygarreau.com\/fr\/bio\/#breadcrumb","itemListElement":[{"@type":"ListItem","position":1,"name":"Accueil","item":"https:\/\/www.melodygarreau.com\/fr\/"},{"@type":"ListItem","position":2,"name":"Bio"}]},{"@type":"WebSite","@id":"https:\/\/www.melodygarreau.com\/fr\/#website","url":"https:\/\/www.melodygarreau.com\/fr\/","name":"Melody Garreau","description":"Photographe","potentialAction":[{"@type":"SearchAction","target":{"@type":"EntryPoint","urlTemplate":"https:\/\/www.melodygarreau.com\/fr\/?s={search_term_string}"},"query-input":"required name=search_term_string"}],"inLanguage":"fr-FR"}]}},"_links":{"self":[{"href":"https:\/\/www.melodygarreau.com\/fr\/wp-json\/wp\/v2\/pages\/82"}],"collection":[{"href":"https:\/\/www.melodygarreau.com\/fr\/wp-json\/wp\/v2\/pages"}],"about":[{"href":"https:\/\/www.melodygarreau.com\/fr\/wp-json\/wp\/v2\/types\/page"}],"author":[{"embeddable":true,"href":"https:\/\/www.melodygarreau.com\/fr\/wp-json\/wp\/v2\/users\/3"}],"replies":[{"embeddable":true,"href":"https:\/\/www.melodygarreau.com\/fr\/wp-json\/wp\/v2\/comments?post=82"}],"version-history":[{"count":24,"href":"https:\/\/www.melodygarreau.com\/fr\/wp-json\/wp\/v2\/pages\/82\/revisions"}],"predecessor-version":[{"id":1766,"href":"https:\/\/www.melodygarreau.com\/fr\/wp-json\/wp\/v2\/pages\/82\/revisions\/1766"}],"wp:featuredmedia":[{"embeddable":true,"href":"https:\/\/www.melodygarreau.com\/fr\/wp-json\/wp\/v2\/media\/162"}],"wp:attachment":[{"href":"https:\/\/www.melodygarreau.com\/fr\/wp-json\/wp\/v2\/media?parent=82"}],"curies":[{"name":"wp","href":"https:\/\/api.w.org\/{rel}","templated":true}]}}