{"id":52,"date":"2018-11-25T16:31:17","date_gmt":"2018-11-25T15:31:17","guid":{"rendered":"https:\/\/www.melodygarreau.com\/?page_id=52"},"modified":"2025-06-20T17:59:11","modified_gmt":"2025-06-20T15:59:11","slug":"incidence","status":"publish","type":"page","link":"https:\/\/www.melodygarreau.com\/fr\/incidence\/","title":{"rendered":"Incidence"},"content":{"rendered":"[mk_page_section video_loop=\u00a0\u00bbfalse\u00a0\u00bb section_layout=\u00a0\u00bbleft\u00a0\u00bb full_width=\u00a0\u00bbtrue\u00a0\u00bb full_height=\u00a0\u00bbtrue\u00a0\u00bb padding_top=\u00a0\u00bb0&Prime; padding_bottom=\u00a0\u00bb0&Prime; el_class=\u00a0\u00bbno-fade\u00a0\u00bb sidebar=\u00a0\u00bbsidebar-1&Prime;][vc_column][vc_column_text]\n<style type=\"text\/css\">\n.new-royalslider-5 .rsThumbsHor { height:72px; }\n.new-royalslider-5 .rsThumbsVer { width:72px; } \n\t\t\t.new-royalslider-5 .rsThumb { width: 72px; height: 72px; }\n<\/style>\n<div id=\"new-royalslider-5\" class=\"royalSlider new-royalslider-5 rsDefaultInv rsHomeTempl\" style=\"width:80%;height:auto;;\">\n<div class=\"rsContent\">\n  <a class=\"rsImg\" href=\"https:\/\/www.melodygarreau.com\/wp-content\/uploads\/2025\/06\/incidence_1-1024x768.jpg\">incidence_1<\/a>\n  <div class=\"rsTmb\"><img src=\"https:\/\/www.melodygarreau.com\/wp-content\/uploads\/2025\/06\/incidence_1-150x150.jpg\" alt=\"\" \/><\/div>\n  \n  \n<\/div>\n<div class=\"rsContent\">\n  <a class=\"rsImg\" href=\"https:\/\/www.melodygarreau.com\/wp-content\/uploads\/2025\/06\/incidence_2-768x1024.jpg\">incidence_2<\/a>\n  <div class=\"rsTmb\"><img src=\"https:\/\/www.melodygarreau.com\/wp-content\/uploads\/2025\/06\/incidence_2-150x150.jpg\" alt=\"\" \/><\/div>\n  \n  \n<\/div>\n<div class=\"rsContent\">\n  <a class=\"rsImg\" href=\"https:\/\/www.melodygarreau.com\/wp-content\/uploads\/2025\/06\/incidence_3-768x1024.jpg\">incidence_3<\/a>\n  <div class=\"rsTmb\"><img src=\"https:\/\/www.melodygarreau.com\/wp-content\/uploads\/2025\/06\/incidence_3-150x150.jpg\" alt=\"\" \/><\/div>\n  \n  \n<\/div>\n<div class=\"rsContent\">\n  <a class=\"rsImg\" href=\"https:\/\/www.melodygarreau.com\/wp-content\/uploads\/2025\/06\/incidence_4-768x1024.jpg\">incidence_4<\/a>\n  <div class=\"rsTmb\"><img src=\"https:\/\/www.melodygarreau.com\/wp-content\/uploads\/2025\/06\/incidence_4-150x150.jpg\" alt=\"\" \/><\/div>\n  \n  \n<\/div>\n<div class=\"rsContent\">\n  <a class=\"rsImg\" href=\"https:\/\/www.melodygarreau.com\/wp-content\/uploads\/2025\/06\/incidence_5-768x1024.jpg\">incidence_5<\/a>\n  <div class=\"rsTmb\"><img src=\"https:\/\/www.melodygarreau.com\/wp-content\/uploads\/2025\/06\/incidence_5-150x150.jpg\" alt=\"\" \/><\/div>\n  \n  \n<\/div>\n<div class=\"rsContent\">\n  <a class=\"rsImg\" href=\"https:\/\/www.melodygarreau.com\/wp-content\/uploads\/2018\/11\/garreau-melody_ainsidanse_02-1024x784.jpg\">garreau-melody_ainsidanse_02<\/a>\n  <div class=\"rsTmb\"><img src=\"https:\/\/www.melodygarreau.com\/wp-content\/uploads\/2018\/11\/garreau-melody_ainsidanse_02-150x150.jpg\" alt=\"\" \/><\/div>\n  \n  \n<\/div>\n<div class=\"rsContent\">\n  <a class=\"rsImg\" href=\"https:\/\/www.melodygarreau.com\/wp-content\/uploads\/2025\/06\/incidence_6-768x1024.jpg\">incidence_6<\/a>\n  <div class=\"rsTmb\"><img src=\"https:\/\/www.melodygarreau.com\/wp-content\/uploads\/2025\/06\/incidence_6-150x150.jpg\" alt=\"\" \/><\/div>\n  \n  \n<\/div>\n<div class=\"rsContent\">\n  <a class=\"rsImg\" href=\"https:\/\/www.melodygarreau.com\/wp-content\/uploads\/2018\/11\/garreau-melody_ainsidanse_03-1024x784.jpg\">garreau-melody_ainsidanse_03<\/a>\n  <div class=\"rsTmb\"><img src=\"https:\/\/www.melodygarreau.com\/wp-content\/uploads\/2018\/11\/garreau-melody_ainsidanse_03-150x150.jpg\" alt=\"\" \/><\/div>\n  \n  \n<\/div>\n\n<\/div>\n[\/vc_column_text][mk_button dimension=\u00a0\u00bbflat\u00a0\u00bb url=\u00a0\u00bb#\u00a0\u00bb align=\u00a0\u00bbcenter\u00a0\u00bb id=\u00a0\u00bbbouton-text\u00a0\u00bb margin_bottom=\u00a0\u00bb0&Prime; margin_right=\u00a0\u00bb0&Prime;]LIRE[\/mk_button][mk_button dimension=\u00a0\u00bbflat\u00a0\u00bb url=\u00a0\u00bb#\u00a0\u00bb align=\u00a0\u00bbcenter\u00a0\u00bb id=\u00a0\u00bbbouton-close\u00a0\u00bb margin_bottom=\u00a0\u00bb0&Prime; margin_right=\u00a0\u00bb0&Prime;]X[\/mk_button][vc_column_text el_class=\u00a0\u00bbtext\u00a0\u00bb]\n<p style=\"text-align: center;\">INCIDENCE<\/p>\n<p>&nbsp;<\/p>\n<p class=\"p1\"><span class=\"s1\"><i>\u201cMettons le feu, c\u00e2lice, et voyons quel corps surgit des flammes et peut-\u00eatre que ces flammes feront fondre ma peau tout contre mon \u00e2me, peut-\u00eatre que par alchimie l\u2019un deviendra l\u2019autre, qu\u2019il n\u2019y aura plus ce que je sens \u00eatre une s\u00e9paration irr\u00e9conciliable. Je me dis: mettons-le \u00e0 l\u2019\u00e9preuve, ce corps, que le fond et la forme coincident.\u201d<br \/>\n(Corps<\/i>, sous la direction de Chlo\u00e9 Savoie-Bernard).<\/span><\/p>\n<p class=\"p1\"><span class=\"s1\"><br \/>\nComment rendre visible cette dualit\u00e9 entre un corps incarn\u00e9 et la part de doute, la part d\u2019h\u00e9sitation et de chiqu\u00e9 qui \u00e9mane de gestes cent fois r\u00e9p\u00e9t\u00e9s ? Comment faire appara\u00eetre nos doubles ?<br \/>\nJe cherche la faille entre ce qui fait lisse et ce qui fait pli. Le vertige de cet \u0153il qui ne regarde pas au \u00ab bon endroit \u00bb cet \u0153il l\u00e0, que voit-il que l\u2019autre ne voit pas ?<\/span><\/p>\n<p>Travail en cours.[\/vc_column_text][\/vc_column][\/mk_page_section]\n","protected":false},"excerpt":{"rendered":"<p>[mk_page_section video_loop=\u00a0\u00bbfalse\u00a0\u00bb section_layout=\u00a0\u00bbleft\u00a0\u00bb full_width=\u00a0\u00bbtrue\u00a0\u00bb full_height=\u00a0\u00bbtrue\u00a0\u00bb padding_top=\u00a0\u00bb0&Prime; padding_bottom=\u00a0\u00bb0&Prime; el_class=\u00a0\u00bbno-fade\u00a0\u00bb sidebar=\u00a0\u00bbsidebar-1&Prime;][vc_column][vc_column_text][\/vc_column_text][mk_button dimension=\u00a0\u00bbflat\u00a0\u00bb url=\u00a0\u00bb#\u00a0\u00bb align=\u00a0\u00bbcenter\u00a0\u00bb id=\u00a0\u00bbbouton-text\u00a0\u00bb margin_bottom=\u00a0\u00bb0&Prime; margin_right=\u00a0\u00bb0&Prime;]LIRE[\/mk_button][mk_button dimension=\u00a0\u00bbflat\u00a0\u00bb url=\u00a0\u00bb#\u00a0\u00bb align=\u00a0\u00bbcenter\u00a0\u00bb id=\u00a0\u00bbbouton-close\u00a0\u00bb margin_bottom=\u00a0\u00bb0&Prime; margin_right=\u00a0\u00bb0&Prime;]X[\/mk_button][vc_column_text el_class=\u00a0\u00bbtext\u00a0\u00bb] INCIDENCE &nbsp; \u201cMettons le feu, c\u00e2lice, et voyons quel corps surgit des flammes et peut-\u00eatre que ces flammes feront fondre ma peau tout contre mon \u00e2me, peut-\u00eatre que par alchimie l\u2019un deviendra l\u2019autre, [&hellip;]<\/p>\n","protected":false},"author":3,"featured_media":1752,"parent":0,"menu_order":0,"comment_status":"closed","ping_status":"closed","template":"","meta":[],"yoast_head":"<!-- This site is optimized with the Yoast SEO plugin v21.8.1 - https:\/\/yoast.com\/wordpress\/plugins\/seo\/ -->\n<title>Incidence - Melody Garreau<\/title>\n<meta name=\"description\" content=\"Je cherche la faille entre ce qui fait lisse et ce qui fait pli. Le vertige de cet \u0153il qui ne regarde pas au \u00ab bon endroit \u00bb cet \u0153il l\u00e0, que voit-il que l\u2019autre ne voit pas ?\" \/>\n<meta name=\"robots\" content=\"index, follow, max-snippet:-1, max-image-preview:large, max-video-preview:-1\" \/>\n<link rel=\"canonical\" href=\"https:\/\/www.melodygarreau.com\/fr\/incidence\/\" \/>\n<meta property=\"og:locale\" content=\"fr_FR\" \/>\n<meta property=\"og:type\" content=\"article\" \/>\n<meta property=\"og:title\" content=\"Incidence - Melody Garreau\" \/>\n<meta property=\"og:description\" content=\"Je cherche la faille entre ce qui fait lisse et ce qui fait pli. Le vertige de cet \u0153il qui ne regarde pas au \u00ab bon endroit \u00bb cet \u0153il l\u00e0, que voit-il que l\u2019autre ne voit pas ?\" \/>\n<meta property=\"og:url\" content=\"https:\/\/www.melodygarreau.com\/fr\/incidence\/\" \/>\n<meta property=\"og:site_name\" content=\"Melody Garreau\" \/>\n<meta property=\"article:modified_time\" content=\"2025-06-20T15:59:11+00:00\" \/>\n<meta property=\"og:image\" content=\"https:\/\/www.melodygarreau.com\/wp-content\/uploads\/2025\/06\/incidence_5.jpg\" \/>\n\t<meta property=\"og:image:width\" content=\"886\" \/>\n\t<meta property=\"og:image:height\" content=\"1181\" \/>\n\t<meta property=\"og:image:type\" content=\"image\/jpeg\" \/>\n<meta name=\"twitter:card\" content=\"summary_large_image\" \/>\n<meta name=\"twitter:label1\" content=\"Dur\u00e9e de lecture estim\u00e9e\" \/>\n\t<meta name=\"twitter:data1\" content=\"2 minutes\" \/>\n<script type=\"application\/ld+json\" class=\"yoast-schema-graph\">{\"@context\":\"https:\/\/schema.org\",\"@graph\":[{\"@type\":\"WebPage\",\"@id\":\"https:\/\/www.melodygarreau.com\/fr\/incidence\/\",\"url\":\"https:\/\/www.melodygarreau.com\/fr\/incidence\/\",\"name\":\"Incidence - Melody Garreau\",\"isPartOf\":{\"@id\":\"https:\/\/www.melodygarreau.com\/fr\/#website\"},\"datePublished\":\"2018-11-25T15:31:17+00:00\",\"dateModified\":\"2025-06-20T15:59:11+00:00\",\"description\":\"Je cherche la faille entre ce qui fait lisse et ce qui fait pli. Le vertige de cet \u0153il qui ne regarde pas au \u00ab bon endroit \u00bb cet \u0153il l\u00e0, que voit-il que l\u2019autre ne voit pas ?\",\"breadcrumb\":{\"@id\":\"https:\/\/www.melodygarreau.com\/fr\/incidence\/#breadcrumb\"},\"inLanguage\":\"fr-FR\",\"potentialAction\":[{\"@type\":\"ReadAction\",\"target\":[\"https:\/\/www.melodygarreau.com\/fr\/incidence\/\"]}]},{\"@type\":\"BreadcrumbList\",\"@id\":\"https:\/\/www.melodygarreau.com\/fr\/incidence\/#breadcrumb\",\"itemListElement\":[{\"@type\":\"ListItem\",\"position\":1,\"name\":\"Accueil\",\"item\":\"https:\/\/www.melodygarreau.com\/fr\/\"},{\"@type\":\"ListItem\",\"position\":2,\"name\":\"Incidence\"}]},{\"@type\":\"WebSite\",\"@id\":\"https:\/\/www.melodygarreau.com\/fr\/#website\",\"url\":\"https:\/\/www.melodygarreau.com\/fr\/\",\"name\":\"Melody Garreau\",\"description\":\"Photographe\",\"potentialAction\":[{\"@type\":\"SearchAction\",\"target\":{\"@type\":\"EntryPoint\",\"urlTemplate\":\"https:\/\/www.melodygarreau.com\/fr\/?s={search_term_string}\"},\"query-input\":\"required name=search_term_string\"}],\"inLanguage\":\"fr-FR\"}]}<\/script>\n<!-- \/ Yoast SEO plugin. -->","yoast_head_json":{"title":"Incidence - Melody Garreau","description":"Je cherche la faille entre ce qui fait lisse et ce qui fait pli. Le vertige de cet \u0153il qui ne regarde pas au \u00ab bon endroit \u00bb cet \u0153il l\u00e0, que voit-il que l\u2019autre ne voit pas ?","robots":{"index":"index","follow":"follow","max-snippet":"max-snippet:-1","max-image-preview":"max-image-preview:large","max-video-preview":"max-video-preview:-1"},"canonical":"https:\/\/www.melodygarreau.com\/fr\/incidence\/","og_locale":"fr_FR","og_type":"article","og_title":"Incidence - Melody Garreau","og_description":"Je cherche la faille entre ce qui fait lisse et ce qui fait pli. Le vertige de cet \u0153il qui ne regarde pas au \u00ab bon endroit \u00bb cet \u0153il l\u00e0, que voit-il que l\u2019autre ne voit pas ?","og_url":"https:\/\/www.melodygarreau.com\/fr\/incidence\/","og_site_name":"Melody Garreau","article_modified_time":"2025-06-20T15:59:11+00:00","og_image":[{"width":886,"height":1181,"url":"https:\/\/www.melodygarreau.com\/wp-content\/uploads\/2025\/06\/incidence_5.jpg","type":"image\/jpeg"}],"twitter_card":"summary_large_image","twitter_misc":{"Dur\u00e9e de lecture estim\u00e9e":"2 minutes"},"schema":{"@context":"https:\/\/schema.org","@graph":[{"@type":"WebPage","@id":"https:\/\/www.melodygarreau.com\/fr\/incidence\/","url":"https:\/\/www.melodygarreau.com\/fr\/incidence\/","name":"Incidence - Melody Garreau","isPartOf":{"@id":"https:\/\/www.melodygarreau.com\/fr\/#website"},"datePublished":"2018-11-25T15:31:17+00:00","dateModified":"2025-06-20T15:59:11+00:00","description":"Je cherche la faille entre ce qui fait lisse et ce qui fait pli. Le vertige de cet \u0153il qui ne regarde pas au \u00ab bon endroit \u00bb cet \u0153il l\u00e0, que voit-il que l\u2019autre ne voit pas ?","breadcrumb":{"@id":"https:\/\/www.melodygarreau.com\/fr\/incidence\/#breadcrumb"},"inLanguage":"fr-FR","potentialAction":[{"@type":"ReadAction","target":["https:\/\/www.melodygarreau.com\/fr\/incidence\/"]}]},{"@type":"BreadcrumbList","@id":"https:\/\/www.melodygarreau.com\/fr\/incidence\/#breadcrumb","itemListElement":[{"@type":"ListItem","position":1,"name":"Accueil","item":"https:\/\/www.melodygarreau.com\/fr\/"},{"@type":"ListItem","position":2,"name":"Incidence"}]},{"@type":"WebSite","@id":"https:\/\/www.melodygarreau.com\/fr\/#website","url":"https:\/\/www.melodygarreau.com\/fr\/","name":"Melody Garreau","description":"Photographe","potentialAction":[{"@type":"SearchAction","target":{"@type":"EntryPoint","urlTemplate":"https:\/\/www.melodygarreau.com\/fr\/?s={search_term_string}"},"query-input":"required name=search_term_string"}],"inLanguage":"fr-FR"}]}},"_links":{"self":[{"href":"https:\/\/www.melodygarreau.com\/fr\/wp-json\/wp\/v2\/pages\/52"}],"collection":[{"href":"https:\/\/www.melodygarreau.com\/fr\/wp-json\/wp\/v2\/pages"}],"about":[{"href":"https:\/\/www.melodygarreau.com\/fr\/wp-json\/wp\/v2\/types\/page"}],"author":[{"embeddable":true,"href":"https:\/\/www.melodygarreau.com\/fr\/wp-json\/wp\/v2\/users\/3"}],"replies":[{"embeddable":true,"href":"https:\/\/www.melodygarreau.com\/fr\/wp-json\/wp\/v2\/comments?post=52"}],"version-history":[{"count":22,"href":"https:\/\/www.melodygarreau.com\/fr\/wp-json\/wp\/v2\/pages\/52\/revisions"}],"predecessor-version":[{"id":1732,"href":"https:\/\/www.melodygarreau.com\/fr\/wp-json\/wp\/v2\/pages\/52\/revisions\/1732"}],"wp:featuredmedia":[{"embeddable":true,"href":"https:\/\/www.melodygarreau.com\/fr\/wp-json\/wp\/v2\/media\/1752"}],"wp:attachment":[{"href":"https:\/\/www.melodygarreau.com\/fr\/wp-json\/wp\/v2\/media?parent=52"}],"curies":[{"name":"wp","href":"https:\/\/api.w.org\/{rel}","templated":true}]}}