{"id":38,"date":"2018-11-25T16:27:36","date_gmt":"2018-11-25T15:27:36","guid":{"rendered":"https:\/\/www.melodygarreau.com\/?page_id=38"},"modified":"2021-03-21T20:17:13","modified_gmt":"2021-03-21T19:17:13","slug":"il-est-une-autre","status":"publish","type":"page","link":"https:\/\/www.melodygarreau.com\/fr\/il-est-une-autre\/","title":{"rendered":"Il est une autre"},"content":{"rendered":"[mk_page_section video_loop=\u00a0\u00bbfalse\u00a0\u00bb section_layout=\u00a0\u00bbleft\u00a0\u00bb full_width=\u00a0\u00bbtrue\u00a0\u00bb full_height=\u00a0\u00bbtrue\u00a0\u00bb padding_top=\u00a0\u00bb0&Prime; padding_bottom=\u00a0\u00bb0&Prime; el_class=\u00a0\u00bbno-fade\u00a0\u00bb sidebar=\u00a0\u00bbsidebar-1&Prime;][vc_column][vc_column_text]<p><strong>[RoyalSlider Error] Incorrect RoyalSlider ID or problem with query.<\/strong><\/p>[\/vc_column_text][mk_button dimension=\u00a0\u00bbflat\u00a0\u00bb url=\u00a0\u00bb#\u00a0\u00bb align=\u00a0\u00bbcenter\u00a0\u00bb id=\u00a0\u00bbbouton-text\u00a0\u00bb margin_bottom=\u00a0\u00bb0&Prime; margin_right=\u00a0\u00bb0&Prime;]LIRE[\/mk_button][mk_button dimension=\u00a0\u00bbflat\u00a0\u00bb url=\u00a0\u00bb#\u00a0\u00bb align=\u00a0\u00bbcenter\u00a0\u00bb id=\u00a0\u00bbbouton-close\u00a0\u00bb margin_bottom=\u00a0\u00bb0&Prime; margin_right=\u00a0\u00bb0&Prime;]X[\/mk_button][vc_column_text el_class=\u00a0\u00bbtext\u00a0\u00bb]\n<p style=\"text-align: center;\">IL EST UNE AUTRE<\/p>\n<p>&nbsp;<\/p>\n<p>\u201cJ\u2019aime bien me faire belle\u201d la phrase qui donne naissance \u00e0 ce projet et qui a mis au jour mes\u00a0vuln\u00e9rabilit\u00e9s face au poids des conventions.<\/p>\n<p>&nbsp;<\/p>\n<p>Ces images sont une recherche de soi et de l\u2019autre. Je m\u2019efforce \u00e0 voir au del\u00e0 de l\u2019arch\u00e9type masculin,\u00a0essayant de d\u00e9sapprendre toute une \u00e9ducation centr\u00e9e autour du genre.<\/p>\n<p>&nbsp;<\/p>\n<p>J\u2019ai le d\u00e9sir de d\u00e9couvrir l\u2019autre, que je trouve beau, mais je veux savoir comment il peut \u00eatre belle.<\/p>\n<p>&nbsp;<\/p>\n<p>Mon ami, ne se situe ni dans le d\u00e9guisement ni dans le travestissement, mais dans un entre deux flou,\u00a0du questionnement des normes pr\u00e9\u00e9tablies.[\/vc_column_text][\/vc_column][\/mk_page_section]\n","protected":false},"excerpt":{"rendered":"<p>[mk_page_section video_loop=\u00a0\u00bbfalse\u00a0\u00bb section_layout=\u00a0\u00bbleft\u00a0\u00bb full_width=\u00a0\u00bbtrue\u00a0\u00bb full_height=\u00a0\u00bbtrue\u00a0\u00bb padding_top=\u00a0\u00bb0&Prime; padding_bottom=\u00a0\u00bb0&Prime; el_class=\u00a0\u00bbno-fade\u00a0\u00bb sidebar=\u00a0\u00bbsidebar-1&Prime;][vc_column][vc_column_text][\/vc_column_text][mk_button dimension=\u00a0\u00bbflat\u00a0\u00bb url=\u00a0\u00bb#\u00a0\u00bb align=\u00a0\u00bbcenter\u00a0\u00bb id=\u00a0\u00bbbouton-text\u00a0\u00bb margin_bottom=\u00a0\u00bb0&Prime; margin_right=\u00a0\u00bb0&Prime;]LIRE[\/mk_button][mk_button dimension=\u00a0\u00bbflat\u00a0\u00bb url=\u00a0\u00bb#\u00a0\u00bb align=\u00a0\u00bbcenter\u00a0\u00bb id=\u00a0\u00bbbouton-close\u00a0\u00bb margin_bottom=\u00a0\u00bb0&Prime; margin_right=\u00a0\u00bb0&Prime;]X[\/mk_button][vc_column_text el_class=\u00a0\u00bbtext\u00a0\u00bb] IL EST UNE AUTRE &nbsp; \u201cJ\u2019aime bien me faire belle\u201d la phrase qui donne naissance \u00e0 ce projet et qui a mis au jour mes\u00a0vuln\u00e9rabilit\u00e9s face au poids des conventions. &nbsp; Ces images [&hellip;]<\/p>\n","protected":false},"author":3,"featured_media":42,"parent":0,"menu_order":0,"comment_status":"closed","ping_status":"closed","template":"","meta":[],"yoast_head":"<!-- This site is optimized with the Yoast SEO plugin v21.8.1 - https:\/\/yoast.com\/wordpress\/plugins\/seo\/ -->\n<title>Il est une autre - Melody Garreau<\/title>\n<meta name=\"description\" content=\"&quot;J\u2019aime bien me faire belle&quot; la phrase qui donne naissance \u00e0 ce projet...\" \/>\n<meta name=\"robots\" content=\"index, follow, max-snippet:-1, max-image-preview:large, max-video-preview:-1\" \/>\n<link rel=\"canonical\" href=\"https:\/\/www.melodygarreau.com\/fr\/il-est-une-autre\/\" \/>\n<meta property=\"og:locale\" content=\"fr_FR\" \/>\n<meta property=\"og:type\" content=\"article\" \/>\n<meta property=\"og:title\" content=\"Il est une autre - Melody Garreau\" \/>\n<meta property=\"og:description\" content=\"&quot;J\u2019aime bien me faire belle&quot; la phrase qui donne naissance \u00e0 ce projet...\" \/>\n<meta property=\"og:url\" content=\"https:\/\/www.melodygarreau.com\/fr\/il-est-une-autre\/\" \/>\n<meta property=\"og:site_name\" content=\"Melody Garreau\" \/>\n<meta property=\"article:modified_time\" content=\"2021-03-21T19:17:13+00:00\" \/>\n<meta property=\"og:image\" content=\"https:\/\/www.melodygarreau.com\/wp-content\/uploads\/2018\/11\/garreau-melody_ilestuneautre_03.jpg\" \/>\n\t<meta property=\"og:image:width\" content=\"1110\" \/>\n\t<meta property=\"og:image:height\" content=\"850\" \/>\n\t<meta property=\"og:image:type\" content=\"image\/jpeg\" \/>\n<meta name=\"twitter:card\" content=\"summary_large_image\" \/>\n<meta name=\"twitter:label1\" content=\"Dur\u00e9e de lecture estim\u00e9e\" \/>\n\t<meta name=\"twitter:data1\" content=\"1 minute\" \/>\n<script type=\"application\/ld+json\" class=\"yoast-schema-graph\">{\"@context\":\"https:\/\/schema.org\",\"@graph\":[{\"@type\":\"WebPage\",\"@id\":\"https:\/\/www.melodygarreau.com\/fr\/il-est-une-autre\/\",\"url\":\"https:\/\/www.melodygarreau.com\/fr\/il-est-une-autre\/\",\"name\":\"Il est une autre - Melody Garreau\",\"isPartOf\":{\"@id\":\"https:\/\/www.melodygarreau.com\/fr\/#website\"},\"datePublished\":\"2018-11-25T15:27:36+00:00\",\"dateModified\":\"2021-03-21T19:17:13+00:00\",\"description\":\"\\\"J\u2019aime bien me faire belle\\\" la phrase qui donne naissance \u00e0 ce projet...\",\"breadcrumb\":{\"@id\":\"https:\/\/www.melodygarreau.com\/fr\/il-est-une-autre\/#breadcrumb\"},\"inLanguage\":\"fr-FR\",\"potentialAction\":[{\"@type\":\"ReadAction\",\"target\":[\"https:\/\/www.melodygarreau.com\/fr\/il-est-une-autre\/\"]}]},{\"@type\":\"BreadcrumbList\",\"@id\":\"https:\/\/www.melodygarreau.com\/fr\/il-est-une-autre\/#breadcrumb\",\"itemListElement\":[{\"@type\":\"ListItem\",\"position\":1,\"name\":\"Accueil\",\"item\":\"https:\/\/www.melodygarreau.com\/fr\/\"},{\"@type\":\"ListItem\",\"position\":2,\"name\":\"Il est une autre\"}]},{\"@type\":\"WebSite\",\"@id\":\"https:\/\/www.melodygarreau.com\/fr\/#website\",\"url\":\"https:\/\/www.melodygarreau.com\/fr\/\",\"name\":\"Melody Garreau\",\"description\":\"Photographe\",\"potentialAction\":[{\"@type\":\"SearchAction\",\"target\":{\"@type\":\"EntryPoint\",\"urlTemplate\":\"https:\/\/www.melodygarreau.com\/fr\/?s={search_term_string}\"},\"query-input\":\"required name=search_term_string\"}],\"inLanguage\":\"fr-FR\"}]}<\/script>\n<!-- \/ Yoast SEO plugin. -->","yoast_head_json":{"title":"Il est une autre - Melody Garreau","description":"\"J\u2019aime bien me faire belle\" la phrase qui donne naissance \u00e0 ce projet...","robots":{"index":"index","follow":"follow","max-snippet":"max-snippet:-1","max-image-preview":"max-image-preview:large","max-video-preview":"max-video-preview:-1"},"canonical":"https:\/\/www.melodygarreau.com\/fr\/il-est-une-autre\/","og_locale":"fr_FR","og_type":"article","og_title":"Il est une autre - Melody Garreau","og_description":"\"J\u2019aime bien me faire belle\" la phrase qui donne naissance \u00e0 ce projet...","og_url":"https:\/\/www.melodygarreau.com\/fr\/il-est-une-autre\/","og_site_name":"Melody Garreau","article_modified_time":"2021-03-21T19:17:13+00:00","og_image":[{"width":1110,"height":850,"url":"https:\/\/www.melodygarreau.com\/wp-content\/uploads\/2018\/11\/garreau-melody_ilestuneautre_03.jpg","type":"image\/jpeg"}],"twitter_card":"summary_large_image","twitter_misc":{"Dur\u00e9e de lecture estim\u00e9e":"1 minute"},"schema":{"@context":"https:\/\/schema.org","@graph":[{"@type":"WebPage","@id":"https:\/\/www.melodygarreau.com\/fr\/il-est-une-autre\/","url":"https:\/\/www.melodygarreau.com\/fr\/il-est-une-autre\/","name":"Il est une autre - Melody Garreau","isPartOf":{"@id":"https:\/\/www.melodygarreau.com\/fr\/#website"},"datePublished":"2018-11-25T15:27:36+00:00","dateModified":"2021-03-21T19:17:13+00:00","description":"\"J\u2019aime bien me faire belle\" la phrase qui donne naissance \u00e0 ce projet...","breadcrumb":{"@id":"https:\/\/www.melodygarreau.com\/fr\/il-est-une-autre\/#breadcrumb"},"inLanguage":"fr-FR","potentialAction":[{"@type":"ReadAction","target":["https:\/\/www.melodygarreau.com\/fr\/il-est-une-autre\/"]}]},{"@type":"BreadcrumbList","@id":"https:\/\/www.melodygarreau.com\/fr\/il-est-une-autre\/#breadcrumb","itemListElement":[{"@type":"ListItem","position":1,"name":"Accueil","item":"https:\/\/www.melodygarreau.com\/fr\/"},{"@type":"ListItem","position":2,"name":"Il est une autre"}]},{"@type":"WebSite","@id":"https:\/\/www.melodygarreau.com\/fr\/#website","url":"https:\/\/www.melodygarreau.com\/fr\/","name":"Melody Garreau","description":"Photographe","potentialAction":[{"@type":"SearchAction","target":{"@type":"EntryPoint","urlTemplate":"https:\/\/www.melodygarreau.com\/fr\/?s={search_term_string}"},"query-input":"required name=search_term_string"}],"inLanguage":"fr-FR"}]}},"_links":{"self":[{"href":"https:\/\/www.melodygarreau.com\/fr\/wp-json\/wp\/v2\/pages\/38"}],"collection":[{"href":"https:\/\/www.melodygarreau.com\/fr\/wp-json\/wp\/v2\/pages"}],"about":[{"href":"https:\/\/www.melodygarreau.com\/fr\/wp-json\/wp\/v2\/types\/page"}],"author":[{"embeddable":true,"href":"https:\/\/www.melodygarreau.com\/fr\/wp-json\/wp\/v2\/users\/3"}],"replies":[{"embeddable":true,"href":"https:\/\/www.melodygarreau.com\/fr\/wp-json\/wp\/v2\/comments?post=38"}],"version-history":[{"count":13,"href":"https:\/\/www.melodygarreau.com\/fr\/wp-json\/wp\/v2\/pages\/38\/revisions"}],"predecessor-version":[{"id":1195,"href":"https:\/\/www.melodygarreau.com\/fr\/wp-json\/wp\/v2\/pages\/38\/revisions\/1195"}],"wp:featuredmedia":[{"embeddable":true,"href":"https:\/\/www.melodygarreau.com\/fr\/wp-json\/wp\/v2\/media\/42"}],"wp:attachment":[{"href":"https:\/\/www.melodygarreau.com\/fr\/wp-json\/wp\/v2\/media?parent=38"}],"curies":[{"name":"wp","href":"https:\/\/api.w.org\/{rel}","templated":true}]}}