{"id":36,"date":"2018-11-25T16:26:41","date_gmt":"2018-11-25T15:26:41","guid":{"rendered":"https:\/\/www.melodygarreau.com\/?page_id=36"},"modified":"2024-10-18T16:04:51","modified_gmt":"2024-10-18T14:04:51","slug":"linnocenceternie","status":"publish","type":"page","link":"https:\/\/www.melodygarreau.com\/fr\/linnocenceternie\/","title":{"rendered":"L&rsquo;innocence ternie"},"content":{"rendered":"[mk_page_section video_loop=\u00a0\u00bbfalse\u00a0\u00bb section_layout=\u00a0\u00bbleft\u00a0\u00bb full_width=\u00a0\u00bbtrue\u00a0\u00bb full_height=\u00a0\u00bbtrue\u00a0\u00bb padding_top=\u00a0\u00bb0&Prime; padding_bottom=\u00a0\u00bb0&Prime; el_class=\u00a0\u00bbno-fade\u00a0\u00bb sidebar=\u00a0\u00bbsidebar-1&Prime;][vc_column][vc_column_text]\n<style type=\"text\/css\">\n.new-royalslider-3 .rsThumbsHor { height:72px; }\n.new-royalslider-3 .rsThumbsVer { width:72px; } \n\t\t\t.new-royalslider-3 .rsThumb { width: 72px; height: 72px; }\n<\/style>\n<div id=\"new-royalslider-3\" class=\"royalSlider new-royalslider-3 rsDefaultInv rsHomeTempl\" style=\"width:80%;height:auto;;\">\n<div class=\"rsContent\">\n  <a class=\"rsImg\" href=\"https:\/\/www.melodygarreau.com\/wp-content\/uploads\/2018\/11\/garreau-melody_innocenceterni_01-1024x683.jpg\">garreau-melody_innocenceterni_01<\/a>\n  <div class=\"rsTmb\"><img src=\"https:\/\/www.melodygarreau.com\/wp-content\/uploads\/2018\/11\/garreau-melody_innocenceterni_01-150x150.jpg\" alt=\"\" \/><\/div>\n  \n  \n<\/div>\n<div class=\"rsContent\">\n  <a class=\"rsImg\" href=\"https:\/\/www.melodygarreau.com\/wp-content\/uploads\/2018\/11\/garreau-melody_innocenceterni_18-1024x683.jpg\">garreau-melody_innocenceterni_18<\/a>\n  <div class=\"rsTmb\"><img src=\"https:\/\/www.melodygarreau.com\/wp-content\/uploads\/2018\/11\/garreau-melody_innocenceterni_18-150x150.jpg\" alt=\"\" \/><\/div>\n  \n  \n<\/div>\n<div class=\"rsContent\">\n  <a class=\"rsImg\" href=\"https:\/\/www.melodygarreau.com\/wp-content\/uploads\/2018\/11\/garreau-melody_innocenceterni_12-1024x784.jpg\">garreau-melody_innocenceterni_12<\/a>\n  <div class=\"rsTmb\"><img src=\"https:\/\/www.melodygarreau.com\/wp-content\/uploads\/2018\/11\/garreau-melody_innocenceterni_12-150x150.jpg\" alt=\"\" \/><\/div>\n  \n  \n<\/div>\n<div class=\"rsContent\">\n  <a class=\"rsImg\" href=\"https:\/\/www.melodygarreau.com\/wp-content\/uploads\/2018\/12\/st-melody-it-08-1024x683.jpg\">st-melody-it-08<\/a>\n  <div class=\"rsTmb\"><img src=\"https:\/\/www.melodygarreau.com\/wp-content\/uploads\/2018\/12\/st-melody-it-08-150x150.jpg\" alt=\"\" \/><\/div>\n  \n  \n<\/div>\n<div class=\"rsContent\">\n  <a class=\"rsImg\" href=\"https:\/\/www.melodygarreau.com\/wp-content\/uploads\/2018\/11\/garreau-melody_innocenceterni_16-1024x683.jpg\">garreau-melody_innocenceterni_16<\/a>\n  <div class=\"rsTmb\"><img src=\"https:\/\/www.melodygarreau.com\/wp-content\/uploads\/2018\/11\/garreau-melody_innocenceterni_16-150x150.jpg\" alt=\"\" \/><\/div>\n  \n  \n<\/div>\n<div class=\"rsContent\">\n  <a class=\"rsImg\" href=\"https:\/\/www.melodygarreau.com\/wp-content\/uploads\/2018\/12\/st-melody-it-04-1024x784.jpg\">st-melody-it-04<\/a>\n  <div class=\"rsTmb\"><img src=\"https:\/\/www.melodygarreau.com\/wp-content\/uploads\/2018\/12\/st-melody-it-04-150x150.jpg\" alt=\"\" \/><\/div>\n  \n  \n<\/div>\n<div class=\"rsContent\">\n  <a class=\"rsImg\" href=\"https:\/\/www.melodygarreau.com\/wp-content\/uploads\/2018\/11\/garreau-melody_innocenceterni_17-1024x683.jpg\">garreau-melody_innocenceterni_17<\/a>\n  <div class=\"rsTmb\"><img src=\"https:\/\/www.melodygarreau.com\/wp-content\/uploads\/2018\/11\/garreau-melody_innocenceterni_17-150x150.jpg\" alt=\"\" \/><\/div>\n  \n  \n<\/div>\n<div class=\"rsContent\">\n  <a class=\"rsImg\" href=\"https:\/\/www.melodygarreau.com\/wp-content\/uploads\/2018\/12\/garreau-melody_innocenceterni_10-1024x683.jpg\">garreau-melody_innocenceterni_10<\/a>\n  <div class=\"rsTmb\"><img src=\"https:\/\/www.melodygarreau.com\/wp-content\/uploads\/2018\/12\/garreau-melody_innocenceterni_10-150x150.jpg\" alt=\"\" \/><\/div>\n  \n  \n<\/div>\n<div class=\"rsContent\">\n  <a class=\"rsImg\" href=\"https:\/\/www.melodygarreau.com\/wp-content\/uploads\/2018\/11\/garreau-melody_innocenceterni_20-1024x683.jpg\">garreau-melody_innocenceterni_20<\/a>\n  <div class=\"rsTmb\"><img src=\"https:\/\/www.melodygarreau.com\/wp-content\/uploads\/2018\/11\/garreau-melody_innocenceterni_20-150x150.jpg\" alt=\"\" \/><\/div>\n  \n  \n<\/div>\n<div class=\"rsContent\">\n  <a class=\"rsImg\" href=\"https:\/\/www.melodygarreau.com\/wp-content\/uploads\/2018\/11\/garreau-melody_innocenceterni_15-1024x784.jpg\">garreau-melody_innocenceterni_15<\/a>\n  <div class=\"rsTmb\"><img src=\"https:\/\/www.melodygarreau.com\/wp-content\/uploads\/2018\/11\/garreau-melody_innocenceterni_15-150x150.jpg\" alt=\"\" \/><\/div>\n  \n  \n<\/div>\n<div class=\"rsContent\">\n  <a class=\"rsImg\" href=\"https:\/\/www.melodygarreau.com\/wp-content\/uploads\/2018\/11\/garreau-melody_innocenceterni_19-1024x683.jpg\">garreau-melody_innocenceterni_19<\/a>\n  <div class=\"rsTmb\"><img src=\"https:\/\/www.melodygarreau.com\/wp-content\/uploads\/2018\/11\/garreau-melody_innocenceterni_19-150x150.jpg\" alt=\"\" \/><\/div>\n  \n  \n<\/div>\n<div class=\"rsContent\">\n  <a class=\"rsImg\" href=\"https:\/\/www.melodygarreau.com\/wp-content\/uploads\/2021\/04\/mg_a_b_18_01_135_1_022-1024x682.jpg\">mg_a_b_18_01_135_1_022<\/a>\n  <div class=\"rsTmb\"><img src=\"https:\/\/www.melodygarreau.com\/wp-content\/uploads\/2021\/04\/mg_a_b_18_01_135_1_022-150x150.jpg\" alt=\"\" \/><\/div>\n  \n  \n<\/div>\n\n<\/div>\n[\/vc_column_text][mk_button dimension=\u00a0\u00bbflat\u00a0\u00bb url=\u00a0\u00bb#\u00a0\u00bb align=\u00a0\u00bbcenter\u00a0\u00bb id=\u00a0\u00bbbouton-text\u00a0\u00bb margin_bottom=\u00a0\u00bb0&Prime; margin_right=\u00a0\u00bb0&Prime;]LIRE[\/mk_button][mk_button dimension=\u00a0\u00bbflat\u00a0\u00bb url=\u00a0\u00bb#\u00a0\u00bb align=\u00a0\u00bbcenter\u00a0\u00bb id=\u00a0\u00bbbouton-close\u00a0\u00bb margin_bottom=\u00a0\u00bb0&Prime; margin_right=\u00a0\u00bb0&Prime;]X[\/mk_button][vc_column_text el_class=\u00a0\u00bbtext\u00a0\u00bb]\n<p style=\"text-align: center;\">L&rsquo;INNOCENCE TERNIE<\/p>\n<p>&nbsp;<\/p>\n<p class=\"p1\"><span class=\"s1\">L&rsquo;innocence ternie est un hymne \u00e0 ma s\u0153ur Chl\u00f6e.<span class=\"Apple-converted-space\">\u00a0<\/span><\/span><\/p>\n<p>&nbsp;<\/p>\n<p class=\"p1\"><span class=\"s1\">Photographies d&rsquo;un temps d&rsquo;incertitude, cette s\u00e9rie t\u00e9moigne de ce croisement d\u00e9licat entre l\u2019enfant et la jeune femme. \u00c0 quinze ans, la qu\u00eate de sa propre identit\u00e9 se r\u00e9v\u00e8le \u00eatre un combat, une recherche \u00e0 prendre possession de son propre corps.<\/span><\/p>\n<p>&nbsp;<\/p>\n<p class=\"p1\"><span class=\"s1\">Depuis toujours, Chl\u00f6e et notre m\u00e8re ont entretenu une relation complexe, fusionnelle et exclusive. <\/span><span class=\"s2\">Embarqu\u00e9es <\/span><span class=\"s1\">dans une\u00a0p\u00e9riode de violence \u00e9motionnelle ; disputes et r\u00e9conciliations rythment leur quotidien.<\/span><\/p>\n<p>&nbsp;<\/p>\n<p class=\"p1\"><span class=\"s1\">Depuis que j\u2019ai travers\u00e9 la Manche, ma voix est \u00e0 la recherche de son \u00e9cho, mon regard de sa\u00a0juste distance. Je questionne ici la transmission des peurs et la r\u00e9p\u00e9tition des sch\u00e9mas familiaux au sein d\u2019une lign\u00e9e de femmes. Je donne \u00e0 voir ces quelques photographies comme les pi\u00e8ces \u00e9parses d\u2019un\u00a0puzzle complexe.<\/span><\/p>\n[\/vc_column_text][\/vc_column][\/mk_page_section]\n","protected":false},"excerpt":{"rendered":"<p>[mk_page_section video_loop=\u00a0\u00bbfalse\u00a0\u00bb section_layout=\u00a0\u00bbleft\u00a0\u00bb full_width=\u00a0\u00bbtrue\u00a0\u00bb full_height=\u00a0\u00bbtrue\u00a0\u00bb padding_top=\u00a0\u00bb0&Prime; padding_bottom=\u00a0\u00bb0&Prime; el_class=\u00a0\u00bbno-fade\u00a0\u00bb sidebar=\u00a0\u00bbsidebar-1&Prime;][vc_column][vc_column_text][\/vc_column_text][mk_button dimension=\u00a0\u00bbflat\u00a0\u00bb url=\u00a0\u00bb#\u00a0\u00bb align=\u00a0\u00bbcenter\u00a0\u00bb id=\u00a0\u00bbbouton-text\u00a0\u00bb margin_bottom=\u00a0\u00bb0&Prime; margin_right=\u00a0\u00bb0&Prime;]LIRE[\/mk_button][mk_button dimension=\u00a0\u00bbflat\u00a0\u00bb url=\u00a0\u00bb#\u00a0\u00bb align=\u00a0\u00bbcenter\u00a0\u00bb id=\u00a0\u00bbbouton-close\u00a0\u00bb margin_bottom=\u00a0\u00bb0&Prime; margin_right=\u00a0\u00bb0&Prime;]X[\/mk_button][vc_column_text el_class=\u00a0\u00bbtext\u00a0\u00bb] L&rsquo;INNOCENCE TERNIE &nbsp; L&rsquo;innocence ternie est un hymne \u00e0 ma s\u0153ur Chl\u00f6e.\u00a0 &nbsp; Photographies d&rsquo;un temps d&rsquo;incertitude, cette s\u00e9rie t\u00e9moigne de ce croisement d\u00e9licat entre l\u2019enfant et la jeune femme. \u00c0 quinze ans, [&hellip;]<\/p>\n","protected":false},"author":3,"featured_media":30,"parent":0,"menu_order":0,"comment_status":"closed","ping_status":"closed","template":"","meta":[],"yoast_head":"<!-- This site is optimized with the Yoast SEO plugin v21.8.1 - https:\/\/yoast.com\/wordpress\/plugins\/seo\/ -->\n<title>L&#039;innocence ternie - Melody Garreau<\/title>\n<meta name=\"description\" content=\"L&#039;innocence ternie est un hymne \u00e0 ma s\u0153ur Chlo\u00e9. Photographie d&#039;un temps d&#039;incertitude, un croisement d\u00e9licat entre l\u2019enfant et la jeune femme.\" \/>\n<meta name=\"robots\" content=\"index, follow, max-snippet:-1, max-image-preview:large, max-video-preview:-1\" \/>\n<link rel=\"canonical\" href=\"https:\/\/www.melodygarreau.com\/fr\/linnocenceternie\/\" \/>\n<meta property=\"og:locale\" content=\"fr_FR\" \/>\n<meta property=\"og:type\" content=\"article\" \/>\n<meta property=\"og:title\" content=\"L&#039;innocence ternie - Melody Garreau\" \/>\n<meta property=\"og:description\" content=\"L&#039;innocence ternie est un hymne \u00e0 ma s\u0153ur Chlo\u00e9. Photographie d&#039;un temps d&#039;incertitude, un croisement d\u00e9licat entre l\u2019enfant et la jeune femme.\" \/>\n<meta property=\"og:url\" content=\"https:\/\/www.melodygarreau.com\/fr\/linnocenceternie\/\" \/>\n<meta property=\"og:site_name\" content=\"Melody Garreau\" \/>\n<meta property=\"article:modified_time\" content=\"2024-10-18T14:04:51+00:00\" \/>\n<meta property=\"og:image\" content=\"https:\/\/www.melodygarreau.com\/wp-content\/uploads\/2018\/11\/garreau-melody_innocenceterni_17.jpg\" \/>\n\t<meta property=\"og:image:width\" content=\"1110\" \/>\n\t<meta property=\"og:image:height\" content=\"740\" \/>\n\t<meta property=\"og:image:type\" content=\"image\/jpeg\" \/>\n<meta name=\"twitter:card\" content=\"summary_large_image\" \/>\n<meta name=\"twitter:label1\" content=\"Dur\u00e9e de lecture estim\u00e9e\" \/>\n\t<meta name=\"twitter:data1\" content=\"1 minute\" \/>\n<script type=\"application\/ld+json\" class=\"yoast-schema-graph\">{\"@context\":\"https:\/\/schema.org\",\"@graph\":[{\"@type\":\"WebPage\",\"@id\":\"https:\/\/www.melodygarreau.com\/fr\/linnocenceternie\/\",\"url\":\"https:\/\/www.melodygarreau.com\/fr\/linnocenceternie\/\",\"name\":\"L'innocence ternie - Melody Garreau\",\"isPartOf\":{\"@id\":\"https:\/\/www.melodygarreau.com\/fr\/#website\"},\"datePublished\":\"2018-11-25T15:26:41+00:00\",\"dateModified\":\"2024-10-18T14:04:51+00:00\",\"description\":\"L'innocence ternie est un hymne \u00e0 ma s\u0153ur Chlo\u00e9. Photographie d'un temps d'incertitude, un croisement d\u00e9licat entre l\u2019enfant et la jeune femme.\",\"breadcrumb\":{\"@id\":\"https:\/\/www.melodygarreau.com\/fr\/linnocenceternie\/#breadcrumb\"},\"inLanguage\":\"fr-FR\",\"potentialAction\":[{\"@type\":\"ReadAction\",\"target\":[\"https:\/\/www.melodygarreau.com\/fr\/linnocenceternie\/\"]}]},{\"@type\":\"BreadcrumbList\",\"@id\":\"https:\/\/www.melodygarreau.com\/fr\/linnocenceternie\/#breadcrumb\",\"itemListElement\":[{\"@type\":\"ListItem\",\"position\":1,\"name\":\"Accueil\",\"item\":\"https:\/\/www.melodygarreau.com\/fr\/\"},{\"@type\":\"ListItem\",\"position\":2,\"name\":\"L&rsquo;innocence ternie\"}]},{\"@type\":\"WebSite\",\"@id\":\"https:\/\/www.melodygarreau.com\/fr\/#website\",\"url\":\"https:\/\/www.melodygarreau.com\/fr\/\",\"name\":\"Melody Garreau\",\"description\":\"Photographe\",\"potentialAction\":[{\"@type\":\"SearchAction\",\"target\":{\"@type\":\"EntryPoint\",\"urlTemplate\":\"https:\/\/www.melodygarreau.com\/fr\/?s={search_term_string}\"},\"query-input\":\"required name=search_term_string\"}],\"inLanguage\":\"fr-FR\"}]}<\/script>\n<!-- \/ Yoast SEO plugin. -->","yoast_head_json":{"title":"L'innocence ternie - Melody Garreau","description":"L'innocence ternie est un hymne \u00e0 ma s\u0153ur Chlo\u00e9. Photographie d'un temps d'incertitude, un croisement d\u00e9licat entre l\u2019enfant et la jeune femme.","robots":{"index":"index","follow":"follow","max-snippet":"max-snippet:-1","max-image-preview":"max-image-preview:large","max-video-preview":"max-video-preview:-1"},"canonical":"https:\/\/www.melodygarreau.com\/fr\/linnocenceternie\/","og_locale":"fr_FR","og_type":"article","og_title":"L'innocence ternie - Melody Garreau","og_description":"L'innocence ternie est un hymne \u00e0 ma s\u0153ur Chlo\u00e9. Photographie d'un temps d'incertitude, un croisement d\u00e9licat entre l\u2019enfant et la jeune femme.","og_url":"https:\/\/www.melodygarreau.com\/fr\/linnocenceternie\/","og_site_name":"Melody Garreau","article_modified_time":"2024-10-18T14:04:51+00:00","og_image":[{"width":1110,"height":740,"url":"https:\/\/www.melodygarreau.com\/wp-content\/uploads\/2018\/11\/garreau-melody_innocenceterni_17.jpg","type":"image\/jpeg"}],"twitter_card":"summary_large_image","twitter_misc":{"Dur\u00e9e de lecture estim\u00e9e":"1 minute"},"schema":{"@context":"https:\/\/schema.org","@graph":[{"@type":"WebPage","@id":"https:\/\/www.melodygarreau.com\/fr\/linnocenceternie\/","url":"https:\/\/www.melodygarreau.com\/fr\/linnocenceternie\/","name":"L'innocence ternie - Melody Garreau","isPartOf":{"@id":"https:\/\/www.melodygarreau.com\/fr\/#website"},"datePublished":"2018-11-25T15:26:41+00:00","dateModified":"2024-10-18T14:04:51+00:00","description":"L'innocence ternie est un hymne \u00e0 ma s\u0153ur Chlo\u00e9. Photographie d'un temps d'incertitude, un croisement d\u00e9licat entre l\u2019enfant et la jeune femme.","breadcrumb":{"@id":"https:\/\/www.melodygarreau.com\/fr\/linnocenceternie\/#breadcrumb"},"inLanguage":"fr-FR","potentialAction":[{"@type":"ReadAction","target":["https:\/\/www.melodygarreau.com\/fr\/linnocenceternie\/"]}]},{"@type":"BreadcrumbList","@id":"https:\/\/www.melodygarreau.com\/fr\/linnocenceternie\/#breadcrumb","itemListElement":[{"@type":"ListItem","position":1,"name":"Accueil","item":"https:\/\/www.melodygarreau.com\/fr\/"},{"@type":"ListItem","position":2,"name":"L&rsquo;innocence ternie"}]},{"@type":"WebSite","@id":"https:\/\/www.melodygarreau.com\/fr\/#website","url":"https:\/\/www.melodygarreau.com\/fr\/","name":"Melody Garreau","description":"Photographe","potentialAction":[{"@type":"SearchAction","target":{"@type":"EntryPoint","urlTemplate":"https:\/\/www.melodygarreau.com\/fr\/?s={search_term_string}"},"query-input":"required name=search_term_string"}],"inLanguage":"fr-FR"}]}},"_links":{"self":[{"href":"https:\/\/www.melodygarreau.com\/fr\/wp-json\/wp\/v2\/pages\/36"}],"collection":[{"href":"https:\/\/www.melodygarreau.com\/fr\/wp-json\/wp\/v2\/pages"}],"about":[{"href":"https:\/\/www.melodygarreau.com\/fr\/wp-json\/wp\/v2\/types\/page"}],"author":[{"embeddable":true,"href":"https:\/\/www.melodygarreau.com\/fr\/wp-json\/wp\/v2\/users\/3"}],"replies":[{"embeddable":true,"href":"https:\/\/www.melodygarreau.com\/fr\/wp-json\/wp\/v2\/comments?post=36"}],"version-history":[{"count":24,"href":"https:\/\/www.melodygarreau.com\/fr\/wp-json\/wp\/v2\/pages\/36\/revisions"}],"predecessor-version":[{"id":1714,"href":"https:\/\/www.melodygarreau.com\/fr\/wp-json\/wp\/v2\/pages\/36\/revisions\/1714"}],"wp:featuredmedia":[{"embeddable":true,"href":"https:\/\/www.melodygarreau.com\/fr\/wp-json\/wp\/v2\/media\/30"}],"wp:attachment":[{"href":"https:\/\/www.melodygarreau.com\/fr\/wp-json\/wp\/v2\/media?parent=36"}],"curies":[{"name":"wp","href":"https:\/\/api.w.org\/{rel}","templated":true}]}}