{"id":15,"date":"2018-11-25T16:15:50","date_gmt":"2018-11-25T15:15:50","guid":{"rendered":"https:\/\/www.melodygarreau.com\/?page_id=15"},"modified":"2023-05-09T01:52:16","modified_gmt":"2023-05-08T23:52:16","slug":"la-manche","status":"publish","type":"page","link":"https:\/\/www.melodygarreau.com\/fr\/la-manche\/","title":{"rendered":"La Manche"},"content":{"rendered":"[mk_page_section video_loop=\u00a0\u00bbfalse\u00a0\u00bb section_layout=\u00a0\u00bbleft\u00a0\u00bb full_width=\u00a0\u00bbtrue\u00a0\u00bb full_height=\u00a0\u00bbtrue\u00a0\u00bb padding_top=\u00a0\u00bb0&Prime; padding_bottom=\u00a0\u00bb0&Prime; el_class=\u00a0\u00bbno-fade\u00a0\u00bb sidebar=\u00a0\u00bbsidebar-1&Prime;][vc_column][vc_column_text]\n<style type=\"text\/css\">\n.new-royalslider-2 .rsThumbsHor { height:72px; }\n.new-royalslider-2 .rsThumbsVer { width:72px; } \n\t\t\t.new-royalslider-2 .rsThumb { width: 72px; height: 72px; }\n<\/style>\n<div id=\"new-royalslider-2\" class=\"royalSlider new-royalslider-2 rsDefaultInv rsHomeTempl\" style=\"width:80%;height:auto;;\">\n<div class=\"rsContent\">\n  <a class=\"rsImg\" href=\"https:\/\/www.melodygarreau.com\/wp-content\/uploads\/2021\/03\/film-8053-1024x682.jpg\">film-8053<\/a>\n  <div class=\"rsTmb\"><img src=\"https:\/\/www.melodygarreau.com\/wp-content\/uploads\/2021\/03\/film-8053-150x150.jpg\" alt=\"\" \/><\/div>\n  \n  \n<\/div>\n<div class=\"rsContent\">\n  <a class=\"rsImg\" href=\"https:\/\/www.melodygarreau.com\/wp-content\/uploads\/2021\/03\/mg_a_c_19_10_135_3_008-1024x682.jpg\">mg_a_c_19_10_135_3_008<\/a>\n  <div class=\"rsTmb\"><img src=\"https:\/\/www.melodygarreau.com\/wp-content\/uploads\/2021\/03\/mg_a_c_19_10_135_3_008-150x150.jpg\" alt=\"\" \/><\/div>\n  \n  \n<\/div>\n<div class=\"rsContent\">\n  <a class=\"rsImg\" href=\"https:\/\/www.melodygarreau.com\/wp-content\/uploads\/2021\/03\/tc-b-15-12_019-682x1024.jpg\">tc-b-15-12_019<\/a>\n  <div class=\"rsTmb\"><img src=\"https:\/\/www.melodygarreau.com\/wp-content\/uploads\/2021\/03\/tc-b-15-12_019-150x150.jpg\" alt=\"\" \/><\/div>\n  \n  \n<\/div>\n<div class=\"rsContent\">\n  <a class=\"rsImg\" href=\"https:\/\/www.melodygarreau.com\/wp-content\/uploads\/2021\/03\/tc-c-18-05_005-1024x682.jpg\">tc-c-18-05_005<\/a>\n  <div class=\"rsTmb\"><img src=\"https:\/\/www.melodygarreau.com\/wp-content\/uploads\/2021\/03\/tc-c-18-05_005-150x150.jpg\" alt=\"\" \/><\/div>\n  \n  \n<\/div>\n<div class=\"rsContent\">\n  <a class=\"rsImg\" href=\"https:\/\/www.melodygarreau.com\/wp-content\/uploads\/2018\/11\/garreau-melody_lamanche_07-1024x784.jpg\">garreau-melody_lamanche_07<\/a>\n  <div class=\"rsTmb\"><img src=\"https:\/\/www.melodygarreau.com\/wp-content\/uploads\/2018\/11\/garreau-melody_lamanche_07-150x150.jpg\" alt=\"\" \/><\/div>\n  \n  \n<\/div>\n<div class=\"rsContent\">\n  <a class=\"rsImg\" href=\"https:\/\/www.melodygarreau.com\/wp-content\/uploads\/2021\/03\/mg_a_b_15_04_135_2_32-1024x682.jpg\">mg_a_b_15_04_135_2_32<\/a>\n  <div class=\"rsTmb\"><img src=\"https:\/\/www.melodygarreau.com\/wp-content\/uploads\/2021\/03\/mg_a_b_15_04_135_2_32-150x150.jpg\" alt=\"\" \/><\/div>\n  \n  \n<\/div>\n<div class=\"rsContent\">\n  <a class=\"rsImg\" href=\"https:\/\/www.melodygarreau.com\/wp-content\/uploads\/2021\/03\/mg_a_c_16_10_120_3_11-1024x1024.jpg\">mg_a_c_16_10_120_3_11<\/a>\n  <div class=\"rsTmb\"><img src=\"https:\/\/www.melodygarreau.com\/wp-content\/uploads\/2021\/03\/mg_a_c_16_10_120_3_11-150x150.jpg\" alt=\"\" \/><\/div>\n  \n  \n<\/div>\n<div class=\"rsContent\">\n  <a class=\"rsImg\" href=\"https:\/\/www.melodygarreau.com\/wp-content\/uploads\/2018\/11\/garreau-melody_lamanche_01-1024x784.jpg\">garreau-melody_lamanche_01<\/a>\n  <div class=\"rsTmb\"><img src=\"https:\/\/www.melodygarreau.com\/wp-content\/uploads\/2018\/11\/garreau-melody_lamanche_01-150x150.jpg\" alt=\"\" \/><\/div>\n  \n  \n<\/div>\n<div class=\"rsContent\">\n  <a class=\"rsImg\" href=\"https:\/\/www.melodygarreau.com\/wp-content\/uploads\/2018\/11\/garreau-melody_lamanche_03-1024x683.jpg\">garreau-melody_lamanche_03<\/a>\n  <div class=\"rsTmb\"><img src=\"https:\/\/www.melodygarreau.com\/wp-content\/uploads\/2018\/11\/garreau-melody_lamanche_03-150x150.jpg\" alt=\"\" \/><\/div>\n  \n  \n<\/div>\n<div class=\"rsContent\">\n  <a class=\"rsImg\" href=\"https:\/\/www.melodygarreau.com\/wp-content\/uploads\/2021\/03\/mg_a_b_15_11_135_4_31-1024x682.jpg\">mg_a_b_15_11_135_4_31<\/a>\n  <div class=\"rsTmb\"><img src=\"https:\/\/www.melodygarreau.com\/wp-content\/uploads\/2021\/03\/mg_a_b_15_11_135_4_31-150x150.jpg\" alt=\"\" \/><\/div>\n  \n  \n<\/div>\n<div class=\"rsContent\">\n  <a class=\"rsImg\" href=\"https:\/\/www.melodygarreau.com\/wp-content\/uploads\/2018\/11\/garreau-melody_lamanche_12-1024x784.jpg\">garreau-melody_lamanche_12<\/a>\n  <div class=\"rsTmb\"><img src=\"https:\/\/www.melodygarreau.com\/wp-content\/uploads\/2018\/11\/garreau-melody_lamanche_12-150x150.jpg\" alt=\"\" \/><\/div>\n  \n  \n<\/div>\n<div class=\"rsContent\">\n  <a class=\"rsImg\" href=\"https:\/\/www.melodygarreau.com\/wp-content\/uploads\/2018\/11\/garreau-melody_lamanche_05-1024x784.jpg\">garreau-melody_lamanche_05<\/a>\n  <div class=\"rsTmb\"><img src=\"https:\/\/www.melodygarreau.com\/wp-content\/uploads\/2018\/11\/garreau-melody_lamanche_05-150x150.jpg\" alt=\"\" \/><\/div>\n  \n  \n<\/div>\n<div class=\"rsContent\">\n  <a class=\"rsImg\" href=\"https:\/\/www.melodygarreau.com\/wp-content\/uploads\/2018\/11\/garreau-melody_lamanche_09-1024x683.jpg\">garreau-melody_lamanche_09<\/a>\n  <div class=\"rsTmb\"><img src=\"https:\/\/www.melodygarreau.com\/wp-content\/uploads\/2018\/11\/garreau-melody_lamanche_09-150x150.jpg\" alt=\"\" \/><\/div>\n  \n  \n<\/div>\n<div class=\"rsContent\">\n  <a class=\"rsImg\" href=\"https:\/\/www.melodygarreau.com\/wp-content\/uploads\/2021\/03\/tc-c-16-12_102-1024x682.jpg\">tc-c-16-12_102<\/a>\n  <div class=\"rsTmb\"><img src=\"https:\/\/www.melodygarreau.com\/wp-content\/uploads\/2021\/03\/tc-c-16-12_102-150x150.jpg\" alt=\"\" \/><\/div>\n  \n  \n<\/div>\n<div class=\"rsContent\">\n  <a class=\"rsImg\" href=\"https:\/\/www.melodygarreau.com\/wp-content\/uploads\/2018\/11\/garreau-melody_lamanche_13-1024x683.jpg\">garreau-melody_lamanche_13<\/a>\n  <div class=\"rsTmb\"><img src=\"https:\/\/www.melodygarreau.com\/wp-content\/uploads\/2018\/11\/garreau-melody_lamanche_13-150x150.jpg\" alt=\"\" \/><\/div>\n  \n  \n<\/div>\n<div class=\"rsContent\">\n  <a class=\"rsImg\" href=\"https:\/\/www.melodygarreau.com\/wp-content\/uploads\/2018\/11\/garreau-melody_lamanche_11-1024x683.jpg\">garreau-melody_lamanche_11<\/a>\n  <div class=\"rsTmb\"><img src=\"https:\/\/www.melodygarreau.com\/wp-content\/uploads\/2018\/11\/garreau-melody_lamanche_11-150x150.jpg\" alt=\"\" \/><\/div>\n  \n  \n<\/div>\n<div class=\"rsContent\">\n  <a class=\"rsImg\" href=\"https:\/\/www.melodygarreau.com\/wp-content\/uploads\/2021\/03\/mg_a_c_19_06_120_5_001-1024x1024.jpg\">mg_a_c_19_06_120_5_001<\/a>\n  <div class=\"rsTmb\"><img src=\"https:\/\/www.melodygarreau.com\/wp-content\/uploads\/2021\/03\/mg_a_c_19_06_120_5_001-150x150.jpg\" alt=\"\" \/><\/div>\n  \n  \n<\/div>\n<div class=\"rsContent\">\n  <a class=\"rsImg\" href=\"https:\/\/www.melodygarreau.com\/wp-content\/uploads\/2021\/03\/mg_a_c_19_05-06_120_2_009-1024x1024.jpg\">mg_a_c_19_05-06_120_2_009<\/a>\n  <div class=\"rsTmb\"><img src=\"https:\/\/www.melodygarreau.com\/wp-content\/uploads\/2021\/03\/mg_a_c_19_05-06_120_2_009-150x150.jpg\" alt=\"\" \/><\/div>\n  \n  \n<\/div>\n<div class=\"rsContent\">\n  <a class=\"rsImg\" href=\"https:\/\/www.melodygarreau.com\/wp-content\/uploads\/2018\/11\/garreau-melody_lamanche_06-1024x683.jpg\">garreau-melody_lamanche_06<\/a>\n  <div class=\"rsTmb\"><img src=\"https:\/\/www.melodygarreau.com\/wp-content\/uploads\/2018\/11\/garreau-melody_lamanche_06-150x150.jpg\" alt=\"\" \/><\/div>\n  \n  \n<\/div>\n<div class=\"rsContent\">\n  <a class=\"rsImg\" href=\"https:\/\/www.melodygarreau.com\/wp-content\/uploads\/2018\/11\/garreau-melody_lamanche_08-1024x683.jpg\">garreau-melody_lamanche_08<\/a>\n  <div class=\"rsTmb\"><img src=\"https:\/\/www.melodygarreau.com\/wp-content\/uploads\/2018\/11\/garreau-melody_lamanche_08-150x150.jpg\" alt=\"\" \/><\/div>\n  \n  \n<\/div>\n<div class=\"rsContent\">\n  <a class=\"rsImg\" href=\"https:\/\/www.melodygarreau.com\/wp-content\/uploads\/2021\/03\/mg_a_b_16_10_135_3_019-1024x683.jpg\">mg_a_b_16_10_135_3_019<\/a>\n  <div class=\"rsTmb\"><img src=\"https:\/\/www.melodygarreau.com\/wp-content\/uploads\/2021\/03\/mg_a_b_16_10_135_3_019-150x150.jpg\" alt=\"\" \/><\/div>\n  \n  \n<\/div>\n<div class=\"rsContent\">\n  <a class=\"rsImg\" href=\"https:\/\/www.melodygarreau.com\/wp-content\/uploads\/2018\/11\/garreau-melody_lamanche_10-1024x784.jpg\">garreau-melody_lamanche_10<\/a>\n  <div class=\"rsTmb\"><img src=\"https:\/\/www.melodygarreau.com\/wp-content\/uploads\/2018\/11\/garreau-melody_lamanche_10-150x150.jpg\" alt=\"\" \/><\/div>\n  \n  \n<\/div>\n<div class=\"rsContent\">\n  <a class=\"rsImg\" href=\"https:\/\/www.melodygarreau.com\/wp-content\/uploads\/2021\/03\/12-ac001-1024x682.jpg\">12-ac001<\/a>\n  <div class=\"rsTmb\"><img src=\"https:\/\/www.melodygarreau.com\/wp-content\/uploads\/2021\/03\/12-ac001-150x150.jpg\" alt=\"\" \/><\/div>\n  \n  \n<\/div>\n<div class=\"rsContent\">\n  <a class=\"rsImg\" href=\"https:\/\/www.melodygarreau.com\/wp-content\/uploads\/2021\/03\/12_a_c_024-682x1024.jpg\">12_a_c_024<\/a>\n  <div class=\"rsTmb\"><img src=\"https:\/\/www.melodygarreau.com\/wp-content\/uploads\/2021\/03\/12_a_c_024-150x150.jpg\" alt=\"\" \/><\/div>\n  \n  \n<\/div>\n<div class=\"rsContent\">\n  <a class=\"rsImg\" href=\"https:\/\/www.melodygarreau.com\/wp-content\/uploads\/2021\/03\/mg_a_b_20_09_120_08-1024x1024.jpg\">mg_a_b_20_09_120_08<\/a>\n  <div class=\"rsTmb\"><img src=\"https:\/\/www.melodygarreau.com\/wp-content\/uploads\/2021\/03\/mg_a_b_20_09_120_08-150x150.jpg\" alt=\"\" \/><\/div>\n  \n  \n<\/div>\n<div class=\"rsContent\">\n  <a class=\"rsImg\" href=\"https:\/\/www.melodygarreau.com\/wp-content\/uploads\/2021\/03\/melody021-1024x682.jpg\">melody021<\/a>\n  <div class=\"rsTmb\"><img src=\"https:\/\/www.melodygarreau.com\/wp-content\/uploads\/2021\/03\/melody021-150x150.jpg\" alt=\"\" \/><\/div>\n  \n  \n<\/div>\n<div class=\"rsContent\">\n  <a class=\"rsImg\" href=\"https:\/\/www.melodygarreau.com\/wp-content\/uploads\/2021\/03\/mg_a_c_19_06_120_7_008-1024x1024.jpg\">mg_a_c_19_06_120_7_008<\/a>\n  <div class=\"rsTmb\"><img src=\"https:\/\/www.melodygarreau.com\/wp-content\/uploads\/2021\/03\/mg_a_c_19_06_120_7_008-150x150.jpg\" alt=\"\" \/><\/div>\n  \n  \n<\/div>\n<div class=\"rsContent\">\n  <a class=\"rsImg\" href=\"https:\/\/www.melodygarreau.com\/wp-content\/uploads\/2021\/03\/melody024-682x1024.jpg\">melody024<\/a>\n  <div class=\"rsTmb\"><img src=\"https:\/\/www.melodygarreau.com\/wp-content\/uploads\/2021\/03\/melody024-150x150.jpg\" alt=\"\" \/><\/div>\n  \n  \n<\/div>\n<div class=\"rsContent\">\n  <a class=\"rsImg\" href=\"https:\/\/www.melodygarreau.com\/wp-content\/uploads\/2021\/03\/melody020-1024x682.jpg\">melody020<\/a>\n  <div class=\"rsTmb\"><img src=\"https:\/\/www.melodygarreau.com\/wp-content\/uploads\/2021\/03\/melody020-150x150.jpg\" alt=\"\" \/><\/div>\n  \n  \n<\/div>\n<div class=\"rsContent\">\n  <a class=\"rsImg\" href=\"https:\/\/www.melodygarreau.com\/wp-content\/uploads\/2021\/03\/mg_a_c_19_05-06_120_2_011-1024x1024.jpg\">mg_a_c_19_05-06_120_2_011<\/a>\n  <div class=\"rsTmb\"><img src=\"https:\/\/www.melodygarreau.com\/wp-content\/uploads\/2021\/03\/mg_a_c_19_05-06_120_2_011-150x150.jpg\" alt=\"\" \/><\/div>\n  \n  \n<\/div>\n<div class=\"rsContent\">\n  <a class=\"rsImg\" href=\"https:\/\/www.melodygarreau.com\/wp-content\/uploads\/2021\/03\/mg_a_c_19_06_135_2_015-682x1024.jpg\">mg_a_c_19_06_135_2_015<\/a>\n  <div class=\"rsTmb\"><img src=\"https:\/\/www.melodygarreau.com\/wp-content\/uploads\/2021\/03\/mg_a_c_19_06_135_2_015-150x150.jpg\" alt=\"\" \/><\/div>\n  \n  \n<\/div>\n<div class=\"rsContent\">\n  <a class=\"rsImg\" href=\"https:\/\/www.melodygarreau.com\/wp-content\/uploads\/2021\/03\/mg_a_c_18_09-10_135_11_030-1024x682.jpg\">mg_a_c_18_09-10_135_11_030<\/a>\n  <div class=\"rsTmb\"><img src=\"https:\/\/www.melodygarreau.com\/wp-content\/uploads\/2021\/03\/mg_a_c_18_09-10_135_11_030-150x150.jpg\" alt=\"\" \/><\/div>\n  \n  \n<\/div>\n<div class=\"rsContent\">\n  <a class=\"rsImg\" href=\"https:\/\/www.melodygarreau.com\/wp-content\/uploads\/2021\/03\/tc-b-16-06_028-1024x682.jpg\">tc-b-16-06_028<\/a>\n  <div class=\"rsTmb\"><img src=\"https:\/\/www.melodygarreau.com\/wp-content\/uploads\/2021\/03\/tc-b-16-06_028-150x150.jpg\" alt=\"\" \/><\/div>\n  \n  \n<\/div>\n<div class=\"rsContent\">\n  <a class=\"rsImg\" href=\"https:\/\/www.melodygarreau.com\/wp-content\/uploads\/2018\/11\/garreau-melody_lamanche_02-1024x784.jpg\">garreau-melody_lamanche_02<\/a>\n  <div class=\"rsTmb\"><img src=\"https:\/\/www.melodygarreau.com\/wp-content\/uploads\/2018\/11\/garreau-melody_lamanche_02-150x150.jpg\" alt=\"\" \/><\/div>\n  \n  \n<\/div>\n<div class=\"rsContent\">\n  <a class=\"rsImg\" href=\"https:\/\/www.melodygarreau.com\/wp-content\/uploads\/2021\/03\/mg_a_c_20_04-05_135_3_019-625x1024.jpg\">mg_a_c_20_04-05_135_3_019<\/a>\n  <div class=\"rsTmb\"><img src=\"https:\/\/www.melodygarreau.com\/wp-content\/uploads\/2021\/03\/mg_a_c_20_04-05_135_3_019-150x150.jpg\" alt=\"\" \/><\/div>\n  \n  \n<\/div>\n<div class=\"rsContent\">\n  <a class=\"rsImg\" href=\"https:\/\/www.melodygarreau.com\/wp-content\/uploads\/2021\/03\/tc-b-17-02_006-1024x683.jpg\">tc-b-17-02_006<\/a>\n  <div class=\"rsTmb\"><img src=\"https:\/\/www.melodygarreau.com\/wp-content\/uploads\/2021\/03\/tc-b-17-02_006-150x150.jpg\" alt=\"\" \/><\/div>\n  \n  \n<\/div>\n<div class=\"rsContent\">\n  <a class=\"rsImg\" href=\"https:\/\/www.melodygarreau.com\/wp-content\/uploads\/2021\/03\/tc-c-18-09_020-1024x682.jpg\">tc-c-18-09_020<\/a>\n  <div class=\"rsTmb\"><img src=\"https:\/\/www.melodygarreau.com\/wp-content\/uploads\/2021\/03\/tc-c-18-09_020-150x150.jpg\" alt=\"\" \/><\/div>\n  \n  \n<\/div>\n<div class=\"rsContent\">\n  <a class=\"rsImg\" href=\"https:\/\/www.melodygarreau.com\/wp-content\/uploads\/2021\/03\/mg_a_c_19_10_135_3_010-1024x669.jpg\">mg_a_c_19_10_135_3_010<\/a>\n  <div class=\"rsTmb\"><img src=\"https:\/\/www.melodygarreau.com\/wp-content\/uploads\/2021\/03\/mg_a_c_19_10_135_3_010-150x150.jpg\" alt=\"\" \/><\/div>\n  \n  \n<\/div>\n\n<\/div>\n[\/vc_column_text][mk_button dimension=\u00a0\u00bbflat\u00a0\u00bb url=\u00a0\u00bb#\u00a0\u00bb align=\u00a0\u00bbcenter\u00a0\u00bb id=\u00a0\u00bbbouton-text\u00a0\u00bb margin_bottom=\u00a0\u00bb0&Prime; margin_right=\u00a0\u00bb0&Prime;]LIRE[\/mk_button][mk_button dimension=\u00a0\u00bbflat\u00a0\u00bb url=\u00a0\u00bb#\u00a0\u00bb align=\u00a0\u00bbcenter\u00a0\u00bb id=\u00a0\u00bbbouton-close\u00a0\u00bb margin_bottom=\u00a0\u00bb0&Prime; margin_right=\u00a0\u00bb0&Prime;]X[\/mk_button][vc_column_text el_class=\u00a0\u00bbtext\u00a0\u00bb]\n<p style=\"text-align: center;\">LA MANCHE<\/p>\n<p>&nbsp;<\/p>\n<p class=\"p1\"><span class=\"s1\">Dans le chantier de sa maison aux tapisseries us\u00e9es, je red\u00e9couvre mon p\u00e8re dans son r\u00f4le de p\u00e8re, mais aussi celui de fils et de conjoint. Une vie quotidienne qui jusqu\u2019ici m\u2019\u00e9chappait.<br \/>\nSeptembre 2014, je viens m\u2019installer en France. Pour moi c\u2019est encore le pays \u201cdes vacances\u201d et le synonyme de ces moments pr\u00e9cieux de relations en pointill\u00e9s. <\/span><\/p>\n<p>&nbsp;<\/p>\n<p class=\"p1\"><span class=\"s1\">Je plonge au coeur d\u2019une intimit\u00e9 que j\u2019essaye de faire mienne. Je cherche \u00e0 trouver ma place au croisement de ces g\u00e9n\u00e9rations qui s\u2019entrem\u00ealent. Pas \u00e0 pas je tisse un lien avec ma demi-soeur Zaya, de dix-neuf ans ma cadette et retrouve le regard, \u00e0 la fois tendre et nostalgique, de notre grand-m\u00e8re.<\/span><\/p>\n<p>&nbsp;<\/p>\n<p class=\"p1\"><span class=\"s1\">Ce travail photographique puise son inspiration de cette vague d\u2019\u00e9motions. Je photographie ces instants et ces corps, t\u00e9moins d\u2019un temps retrouv\u00e9 mais aussi de ce qui s\u2019\u00e9coule. <\/span><\/p>\n[\/vc_column_text][\/vc_column][\/mk_page_section]\n","protected":false},"excerpt":{"rendered":"<p>[mk_page_section video_loop=\u00a0\u00bbfalse\u00a0\u00bb section_layout=\u00a0\u00bbleft\u00a0\u00bb full_width=\u00a0\u00bbtrue\u00a0\u00bb full_height=\u00a0\u00bbtrue\u00a0\u00bb padding_top=\u00a0\u00bb0&Prime; padding_bottom=\u00a0\u00bb0&Prime; el_class=\u00a0\u00bbno-fade\u00a0\u00bb sidebar=\u00a0\u00bbsidebar-1&Prime;][vc_column][vc_column_text][\/vc_column_text][mk_button dimension=\u00a0\u00bbflat\u00a0\u00bb url=\u00a0\u00bb#\u00a0\u00bb align=\u00a0\u00bbcenter\u00a0\u00bb id=\u00a0\u00bbbouton-text\u00a0\u00bb margin_bottom=\u00a0\u00bb0&Prime; margin_right=\u00a0\u00bb0&Prime;]LIRE[\/mk_button][mk_button dimension=\u00a0\u00bbflat\u00a0\u00bb url=\u00a0\u00bb#\u00a0\u00bb align=\u00a0\u00bbcenter\u00a0\u00bb id=\u00a0\u00bbbouton-close\u00a0\u00bb margin_bottom=\u00a0\u00bb0&Prime; margin_right=\u00a0\u00bb0&Prime;]X[\/mk_button][vc_column_text el_class=\u00a0\u00bbtext\u00a0\u00bb] LA MANCHE &nbsp; Dans le chantier de sa maison aux tapisseries us\u00e9es, je red\u00e9couvre mon p\u00e8re dans son r\u00f4le de p\u00e8re, mais aussi celui de fils et de conjoint. Une vie quotidienne qui [&hellip;]<\/p>\n","protected":false},"author":3,"featured_media":12,"parent":0,"menu_order":0,"comment_status":"closed","ping_status":"closed","template":"","meta":[],"yoast_head":"<!-- This site is optimized with the Yoast SEO plugin v21.8.1 - https:\/\/yoast.com\/wordpress\/plugins\/seo\/ -->\n<title>La Manche - Melody Garreau<\/title>\n<meta name=\"description\" content=\"Ce projet est centr\u00e9 autour d\u2019un s\u00e9jour en France, au cours duquel j\u2019ai retrouv\u00e9 ma famille paternelle.\" \/>\n<meta name=\"robots\" content=\"index, follow, max-snippet:-1, max-image-preview:large, max-video-preview:-1\" \/>\n<link rel=\"canonical\" href=\"https:\/\/www.melodygarreau.com\/fr\/la-manche\/\" \/>\n<meta property=\"og:locale\" content=\"fr_FR\" \/>\n<meta property=\"og:type\" content=\"article\" \/>\n<meta property=\"og:title\" content=\"La Manche - Melody Garreau\" \/>\n<meta property=\"og:description\" content=\"Ce projet est centr\u00e9 autour d\u2019un s\u00e9jour en France, au cours duquel j\u2019ai retrouv\u00e9 ma famille paternelle.\" \/>\n<meta property=\"og:url\" content=\"https:\/\/www.melodygarreau.com\/fr\/la-manche\/\" \/>\n<meta property=\"og:site_name\" content=\"Melody Garreau\" \/>\n<meta property=\"article:modified_time\" content=\"2023-05-08T23:52:16+00:00\" \/>\n<meta property=\"og:image\" content=\"https:\/\/www.melodygarreau.com\/wp-content\/uploads\/2018\/11\/garreau-melody_lamanche_01.jpg\" \/>\n\t<meta property=\"og:image:width\" content=\"1110\" \/>\n\t<meta property=\"og:image:height\" content=\"850\" \/>\n\t<meta property=\"og:image:type\" content=\"image\/jpeg\" \/>\n<meta name=\"twitter:card\" content=\"summary_large_image\" \/>\n<meta name=\"twitter:label1\" content=\"Dur\u00e9e de lecture estim\u00e9e\" \/>\n\t<meta name=\"twitter:data1\" content=\"1 minute\" \/>\n<script type=\"application\/ld+json\" class=\"yoast-schema-graph\">{\"@context\":\"https:\/\/schema.org\",\"@graph\":[{\"@type\":\"WebPage\",\"@id\":\"https:\/\/www.melodygarreau.com\/fr\/la-manche\/\",\"url\":\"https:\/\/www.melodygarreau.com\/fr\/la-manche\/\",\"name\":\"La Manche - Melody Garreau\",\"isPartOf\":{\"@id\":\"https:\/\/www.melodygarreau.com\/fr\/#website\"},\"datePublished\":\"2018-11-25T15:15:50+00:00\",\"dateModified\":\"2023-05-08T23:52:16+00:00\",\"description\":\"Ce projet est centr\u00e9 autour d\u2019un s\u00e9jour en France, au cours duquel j\u2019ai retrouv\u00e9 ma famille paternelle.\",\"breadcrumb\":{\"@id\":\"https:\/\/www.melodygarreau.com\/fr\/la-manche\/#breadcrumb\"},\"inLanguage\":\"fr-FR\",\"potentialAction\":[{\"@type\":\"ReadAction\",\"target\":[\"https:\/\/www.melodygarreau.com\/fr\/la-manche\/\"]}]},{\"@type\":\"BreadcrumbList\",\"@id\":\"https:\/\/www.melodygarreau.com\/fr\/la-manche\/#breadcrumb\",\"itemListElement\":[{\"@type\":\"ListItem\",\"position\":1,\"name\":\"Accueil\",\"item\":\"https:\/\/www.melodygarreau.com\/fr\/\"},{\"@type\":\"ListItem\",\"position\":2,\"name\":\"La Manche\"}]},{\"@type\":\"WebSite\",\"@id\":\"https:\/\/www.melodygarreau.com\/fr\/#website\",\"url\":\"https:\/\/www.melodygarreau.com\/fr\/\",\"name\":\"Melody Garreau\",\"description\":\"Photographe\",\"potentialAction\":[{\"@type\":\"SearchAction\",\"target\":{\"@type\":\"EntryPoint\",\"urlTemplate\":\"https:\/\/www.melodygarreau.com\/fr\/?s={search_term_string}\"},\"query-input\":\"required name=search_term_string\"}],\"inLanguage\":\"fr-FR\"}]}<\/script>\n<!-- \/ Yoast SEO plugin. -->","yoast_head_json":{"title":"La Manche - Melody Garreau","description":"Ce projet est centr\u00e9 autour d\u2019un s\u00e9jour en France, au cours duquel j\u2019ai retrouv\u00e9 ma famille paternelle.","robots":{"index":"index","follow":"follow","max-snippet":"max-snippet:-1","max-image-preview":"max-image-preview:large","max-video-preview":"max-video-preview:-1"},"canonical":"https:\/\/www.melodygarreau.com\/fr\/la-manche\/","og_locale":"fr_FR","og_type":"article","og_title":"La Manche - Melody Garreau","og_description":"Ce projet est centr\u00e9 autour d\u2019un s\u00e9jour en France, au cours duquel j\u2019ai retrouv\u00e9 ma famille paternelle.","og_url":"https:\/\/www.melodygarreau.com\/fr\/la-manche\/","og_site_name":"Melody Garreau","article_modified_time":"2023-05-08T23:52:16+00:00","og_image":[{"width":1110,"height":850,"url":"https:\/\/www.melodygarreau.com\/wp-content\/uploads\/2018\/11\/garreau-melody_lamanche_01.jpg","type":"image\/jpeg"}],"twitter_card":"summary_large_image","twitter_misc":{"Dur\u00e9e de lecture estim\u00e9e":"1 minute"},"schema":{"@context":"https:\/\/schema.org","@graph":[{"@type":"WebPage","@id":"https:\/\/www.melodygarreau.com\/fr\/la-manche\/","url":"https:\/\/www.melodygarreau.com\/fr\/la-manche\/","name":"La Manche - Melody Garreau","isPartOf":{"@id":"https:\/\/www.melodygarreau.com\/fr\/#website"},"datePublished":"2018-11-25T15:15:50+00:00","dateModified":"2023-05-08T23:52:16+00:00","description":"Ce projet est centr\u00e9 autour d\u2019un s\u00e9jour en France, au cours duquel j\u2019ai retrouv\u00e9 ma famille paternelle.","breadcrumb":{"@id":"https:\/\/www.melodygarreau.com\/fr\/la-manche\/#breadcrumb"},"inLanguage":"fr-FR","potentialAction":[{"@type":"ReadAction","target":["https:\/\/www.melodygarreau.com\/fr\/la-manche\/"]}]},{"@type":"BreadcrumbList","@id":"https:\/\/www.melodygarreau.com\/fr\/la-manche\/#breadcrumb","itemListElement":[{"@type":"ListItem","position":1,"name":"Accueil","item":"https:\/\/www.melodygarreau.com\/fr\/"},{"@type":"ListItem","position":2,"name":"La Manche"}]},{"@type":"WebSite","@id":"https:\/\/www.melodygarreau.com\/fr\/#website","url":"https:\/\/www.melodygarreau.com\/fr\/","name":"Melody Garreau","description":"Photographe","potentialAction":[{"@type":"SearchAction","target":{"@type":"EntryPoint","urlTemplate":"https:\/\/www.melodygarreau.com\/fr\/?s={search_term_string}"},"query-input":"required name=search_term_string"}],"inLanguage":"fr-FR"}]}},"_links":{"self":[{"href":"https:\/\/www.melodygarreau.com\/fr\/wp-json\/wp\/v2\/pages\/15"}],"collection":[{"href":"https:\/\/www.melodygarreau.com\/fr\/wp-json\/wp\/v2\/pages"}],"about":[{"href":"https:\/\/www.melodygarreau.com\/fr\/wp-json\/wp\/v2\/types\/page"}],"author":[{"embeddable":true,"href":"https:\/\/www.melodygarreau.com\/fr\/wp-json\/wp\/v2\/users\/3"}],"replies":[{"embeddable":true,"href":"https:\/\/www.melodygarreau.com\/fr\/wp-json\/wp\/v2\/comments?post=15"}],"version-history":[{"count":23,"href":"https:\/\/www.melodygarreau.com\/fr\/wp-json\/wp\/v2\/pages\/15\/revisions"}],"predecessor-version":[{"id":1708,"href":"https:\/\/www.melodygarreau.com\/fr\/wp-json\/wp\/v2\/pages\/15\/revisions\/1708"}],"wp:featuredmedia":[{"embeddable":true,"href":"https:\/\/www.melodygarreau.com\/fr\/wp-json\/wp\/v2\/media\/12"}],"wp:attachment":[{"href":"https:\/\/www.melodygarreau.com\/fr\/wp-json\/wp\/v2\/media?parent=15"}],"curies":[{"name":"wp","href":"https:\/\/api.w.org\/{rel}","templated":true}]}}