{"id":1292,"date":"2021-03-22T18:55:08","date_gmt":"2021-03-22T17:55:08","guid":{"rendered":"https:\/\/www.melodygarreau.com\/?page_id=1292"},"modified":"2022-12-12T18:17:46","modified_gmt":"2022-12-12T17:17:46","slug":"doc","status":"publish","type":"page","link":"https:\/\/www.melodygarreau.com\/fr\/doc\/","title":{"rendered":"D&rsquo;OC"},"content":{"rendered":"[mk_page_section video_loop=\u00a0\u00bbfalse\u00a0\u00bb section_layout=\u00a0\u00bbleft\u00a0\u00bb full_width=\u00a0\u00bbtrue\u00a0\u00bb full_height=\u00a0\u00bbtrue\u00a0\u00bb padding_top=\u00a0\u00bb0&Prime; padding_bottom=\u00a0\u00bb0&Prime; el_class=\u00a0\u00bbno-fade\u00a0\u00bb sidebar=\u00a0\u00bbsidebar-1&Prime;][vc_column][vc_column_text]\n<style type=\"text\/css\">\n.new-royalslider-9 .rsThumbsHor { height:72px; }\n.new-royalslider-9 .rsThumbsVer { width:72px; } \n\t\t\t.new-royalslider-9 .rsThumb { width: 72px; height: 72px; }\n<\/style>\n<div id=\"new-royalslider-9\" class=\"royalSlider new-royalslider-9 rsDefaultInv rsHomeTempl\" style=\"width:80%;height:auto;;\">\n<div class=\"rsContent\">\n  <a class=\"rsImg\" href=\"https:\/\/www.melodygarreau.com\/wp-content\/uploads\/2021\/03\/lu1a5971-1024x682.jpg\">lu1a5971<\/a>\n  <div class=\"rsTmb\"><img src=\"https:\/\/www.melodygarreau.com\/wp-content\/uploads\/2021\/03\/lu1a5971-150x150.jpg\" alt=\"\" \/><\/div>\n  \n  \n<\/div>\n<div class=\"rsContent\">\n  <a class=\"rsImg\" href=\"https:\/\/www.melodygarreau.com\/wp-content\/uploads\/2021\/03\/mg_20-08_midi-pyrenees_34-1024x682.jpg\">mg_20-08_midi-pyrenees_34<\/a>\n  <div class=\"rsTmb\"><img src=\"https:\/\/www.melodygarreau.com\/wp-content\/uploads\/2021\/03\/mg_20-08_midi-pyrenees_34-150x150.jpg\" alt=\"\" \/><\/div>\n  \n  \n<\/div>\n<div class=\"rsContent\">\n  <a class=\"rsImg\" href=\"https:\/\/www.melodygarreau.com\/wp-content\/uploads\/2022\/12\/doc_melodygarreau_05-scaled-683x1024.jpg\">doc_melodygarreau_05<\/a>\n  <div class=\"rsTmb\"><img src=\"https:\/\/www.melodygarreau.com\/wp-content\/uploads\/2022\/12\/doc_melodygarreau_05-150x150.jpg\" alt=\"\" \/><\/div>\n  \n  \n<\/div>\n<div class=\"rsContent\">\n  <a class=\"rsImg\" href=\"https:\/\/www.melodygarreau.com\/wp-content\/uploads\/2021\/03\/lu1a4839-682x1024.jpg\">lu1a4839<\/a>\n  <div class=\"rsTmb\"><img src=\"https:\/\/www.melodygarreau.com\/wp-content\/uploads\/2021\/03\/lu1a4839-150x150.jpg\" alt=\"\" \/><\/div>\n  \n  \n<\/div>\n<div class=\"rsContent\">\n  <a class=\"rsImg\" href=\"https:\/\/www.melodygarreau.com\/wp-content\/uploads\/2022\/12\/doc_melodygarreau_03-copie-scaled-1024x683.jpg\">doc_melodygarreau_03-copie<\/a>\n  <div class=\"rsTmb\"><img src=\"https:\/\/www.melodygarreau.com\/wp-content\/uploads\/2022\/12\/doc_melodygarreau_03-copie-150x150.jpg\" alt=\"\" \/><\/div>\n  \n  \n<\/div>\n<div class=\"rsContent\">\n  <a class=\"rsImg\" href=\"https:\/\/www.melodygarreau.com\/wp-content\/uploads\/2022\/12\/doc_melodygarreau_07-copie-scaled-683x1024.jpg\">doc_melodygarreau_07-copie<\/a>\n  <div class=\"rsTmb\"><img src=\"https:\/\/www.melodygarreau.com\/wp-content\/uploads\/2022\/12\/doc_melodygarreau_07-copie-150x150.jpg\" alt=\"\" \/><\/div>\n  \n  \n<\/div>\n<div class=\"rsContent\">\n  <a class=\"rsImg\" href=\"https:\/\/www.melodygarreau.com\/wp-content\/uploads\/2022\/12\/doc_melodygarreau_16-copie-scaled-683x1024.jpg\">doc_melodygarreau_16-copie<\/a>\n  <div class=\"rsTmb\"><img src=\"https:\/\/www.melodygarreau.com\/wp-content\/uploads\/2022\/12\/doc_melodygarreau_16-copie-150x150.jpg\" alt=\"\" \/><\/div>\n  \n  \n<\/div>\n<div class=\"rsContent\">\n  <a class=\"rsImg\" href=\"https:\/\/www.melodygarreau.com\/wp-content\/uploads\/2021\/03\/mg_20-08_midi-pyrenees_03-1024x682.jpg\">mg_20-08_midi-pyrenees_03<\/a>\n  <div class=\"rsTmb\"><img src=\"https:\/\/www.melodygarreau.com\/wp-content\/uploads\/2021\/03\/mg_20-08_midi-pyrenees_03-150x150.jpg\" alt=\"\" \/><\/div>\n  \n  \n<\/div>\n<div class=\"rsContent\">\n  <a class=\"rsImg\" href=\"https:\/\/www.melodygarreau.com\/wp-content\/uploads\/2021\/03\/lu1a4336-1024x682.jpg\">lu1a4336<\/a>\n  <div class=\"rsTmb\"><img src=\"https:\/\/www.melodygarreau.com\/wp-content\/uploads\/2021\/03\/lu1a4336-150x150.jpg\" alt=\"\" \/><\/div>\n  \n  \n<\/div>\n<div class=\"rsContent\">\n  <a class=\"rsImg\" href=\"https:\/\/www.melodygarreau.com\/wp-content\/uploads\/2022\/12\/doc_melodygarreau_11-scaled-1024x683.jpg\">doc_melodygarreau_11<\/a>\n  <div class=\"rsTmb\"><img src=\"https:\/\/www.melodygarreau.com\/wp-content\/uploads\/2022\/12\/doc_melodygarreau_11-150x150.jpg\" alt=\"\" \/><\/div>\n  \n  \n<\/div>\n<div class=\"rsContent\">\n  <a class=\"rsImg\" href=\"https:\/\/www.melodygarreau.com\/wp-content\/uploads\/2021\/03\/mg_20-08_midi-pyrenees_38-1024x682.jpg\">mg_20-08_midi-pyrenees_38<\/a>\n  <div class=\"rsTmb\"><img src=\"https:\/\/www.melodygarreau.com\/wp-content\/uploads\/2021\/03\/mg_20-08_midi-pyrenees_38-150x150.jpg\" alt=\"\" \/><\/div>\n  \n  \n<\/div>\n<div class=\"rsContent\">\n  <a class=\"rsImg\" href=\"https:\/\/www.melodygarreau.com\/wp-content\/uploads\/2022\/12\/doc_melodygarreau_15-copie-scaled-683x1024.jpg\">doc_melodygarreau_15-copie<\/a>\n  <div class=\"rsTmb\"><img src=\"https:\/\/www.melodygarreau.com\/wp-content\/uploads\/2022\/12\/doc_melodygarreau_15-copie-150x150.jpg\" alt=\"\" \/><\/div>\n  \n  \n<\/div>\n<div class=\"rsContent\">\n  <a class=\"rsImg\" href=\"https:\/\/www.melodygarreau.com\/wp-content\/uploads\/2021\/03\/mg_20-08_midi-pyrenees_24-1024x682.jpg\">mg_20-08_midi-pyrenees_24<\/a>\n  <div class=\"rsTmb\"><img src=\"https:\/\/www.melodygarreau.com\/wp-content\/uploads\/2021\/03\/mg_20-08_midi-pyrenees_24-150x150.jpg\" alt=\"\" \/><\/div>\n  \n  \n<\/div>\n\n<\/div>\n[\/vc_column_text][mk_button dimension=\u00a0\u00bbflat\u00a0\u00bb url=\u00a0\u00bb#\u00a0\u00bb align=\u00a0\u00bbcenter\u00a0\u00bb id=\u00a0\u00bbbouton-text\u00a0\u00bb margin_bottom=\u00a0\u00bb0&Prime; margin_right=\u00a0\u00bb0&Prime;]LIRE[\/mk_button][mk_button dimension=\u00a0\u00bbflat\u00a0\u00bb url=\u00a0\u00bb#\u00a0\u00bb align=\u00a0\u00bbcenter\u00a0\u00bb id=\u00a0\u00bbbouton-close\u00a0\u00bb margin_bottom=\u00a0\u00bb0&Prime; margin_right=\u00a0\u00bb0&Prime;]X[\/mk_button][vc_column_text el_class=\u00a0\u00bbtext\u00a0\u00bb]\n<p style=\"text-align: center;\">D&rsquo;OC<\/p>\n<p>&nbsp;<\/p>\n<p class=\"p1\"><span class=\"s1\">Une r\u00e9sidence comme une invitation au voyage\u00a0le long des canaux.<\/span><\/p>\n<p class=\"p1\"><span class=\"s1\">A pieds, en deux roues ou\u00a0sur l\u2019eau\u00a0je suis\u00a0leur\u00a0cours, dans le sillage des rencontres.<\/span><\/p>\n<p>&nbsp;<\/p>\n<p class=\"p1\"><span class=\"s1\">Le soleil perce. La brume se dissipe. <\/span><\/p>\n<p class=\"p1\"><span class=\"s1\">Je croise un p\u00eacheur naturiste qui se faufile entre les arbres et les touristes. <\/span><\/p>\n<p class=\"p1\"><span class=\"s1\">Plus loin, les jeunes de Castelnaudary se retrouvent \u00e0 l\u2019ombre, sur les berges du Canal\u00a0du Midi. Baignade et d\u00e9tente sous la chaleur \u00e9crasante du mois d\u2019ao\u00fbt.<\/span><\/p>\n<p>&nbsp;<\/p>\n<p class=\"p1\"><span class=\"s1\">Ici le pr\u00e9sent se m\u00eale au pass\u00e9 comme les troncs d\u2019un m\u00eame arbre pour \u00e9crire une histoire singuli\u00e8re, un po\u00e8me.<\/span><\/p>\n<p class=\"p1\"><span class=\"s1\">Le canal. Fil tendu entre deux rives. Point d\u2019ancrage. Amarre.<\/span><\/p>\n<p class=\"p1\"><span class=\"s1\">C\u2019est un paysage qui fa\u00e7onne autant qu\u2019on le fa\u00e7onne.\u00a0Un ma\u00e7on du canal choisit de me donner sa main \u00e0 photographier, en guise de portrait\u00a0: une enclume burin\u00e9e par le temps et le soleil. <\/span><\/p>\n<p class=\"p1\"><span class=\"s1\">Plus loin,\u00a0s\u2019\u00e9tire\u00a0l\u2019ombre douce des platanes, vou\u00e9s \u00e0 dispara\u00eetre, attaqu\u00e9s par le chancre color\u00e9.<\/span><\/p>\n<p>&nbsp;<\/p>\n<p class=\"p1\"><span class=\"s1\">Une mosa\u00efque de visages et d\u2019ambiances \u00e9mergents au gr\u00e9 de ces m\u00e9andres pour former un patrimoine unique. Ici on habite, on se divertit,\u00a0on s\u2019\u00e9vade.<br \/>\nCes canaux\u00a0sont une entit\u00e9 vivante o\u00f9 l\u2019histoire de chacun s\u2019inscrit en creux dans le paysage pour \u00e9crire une histoire commune. J\u2019ai voulu t\u00e9moigner\u00a0de\u00a0ce foisonnement\u00a0autour des poumons de l\u2019Occitanie.<\/span><\/p>\n[\/vc_column_text][\/vc_column][\/mk_page_section]\n","protected":false},"excerpt":{"rendered":"<p>[mk_page_section video_loop=\u00a0\u00bbfalse\u00a0\u00bb section_layout=\u00a0\u00bbleft\u00a0\u00bb full_width=\u00a0\u00bbtrue\u00a0\u00bb full_height=\u00a0\u00bbtrue\u00a0\u00bb padding_top=\u00a0\u00bb0&Prime; padding_bottom=\u00a0\u00bb0&Prime; el_class=\u00a0\u00bbno-fade\u00a0\u00bb sidebar=\u00a0\u00bbsidebar-1&Prime;][vc_column][vc_column_text][\/vc_column_text][mk_button dimension=\u00a0\u00bbflat\u00a0\u00bb url=\u00a0\u00bb#\u00a0\u00bb align=\u00a0\u00bbcenter\u00a0\u00bb id=\u00a0\u00bbbouton-text\u00a0\u00bb margin_bottom=\u00a0\u00bb0&Prime; margin_right=\u00a0\u00bb0&Prime;]LIRE[\/mk_button][mk_button dimension=\u00a0\u00bbflat\u00a0\u00bb url=\u00a0\u00bb#\u00a0\u00bb align=\u00a0\u00bbcenter\u00a0\u00bb id=\u00a0\u00bbbouton-close\u00a0\u00bb margin_bottom=\u00a0\u00bb0&Prime; margin_right=\u00a0\u00bb0&Prime;]X[\/mk_button][vc_column_text el_class=\u00a0\u00bbtext\u00a0\u00bb] D&rsquo;OC &nbsp; Une r\u00e9sidence comme une invitation au voyage\u00a0le long des canaux. A pieds, en deux roues ou\u00a0sur l\u2019eau\u00a0je suis\u00a0leur\u00a0cours, dans le sillage des rencontres. &nbsp; Le soleil perce. La brume se dissipe. [&hellip;]<\/p>\n","protected":false},"author":3,"featured_media":1310,"parent":0,"menu_order":0,"comment_status":"closed","ping_status":"closed","template":"","meta":[],"yoast_head":"<!-- This site is optimized with the Yoast SEO plugin v21.8.1 - https:\/\/yoast.com\/wordpress\/plugins\/seo\/ -->\n<title>D&#039;OC - Melody Garreau<\/title>\n<meta name=\"description\" content=\"S\u00e9rie r\u00e9alis\u00e9e dans le cadre d\u2019une r\u00e9sidence photographique sur la r\u00e9gion d\u2019Occitanie.\u00a0Accompagn\u00e9 de mes deux roues t\u00e9moigne de ceux qui flottent autour des territoires des canaux de l\u2019Occitane.\" \/>\n<meta name=\"robots\" content=\"index, follow, max-snippet:-1, max-image-preview:large, max-video-preview:-1\" \/>\n<link rel=\"canonical\" href=\"https:\/\/www.melodygarreau.com\/fr\/doc\/\" \/>\n<meta property=\"og:locale\" content=\"fr_FR\" \/>\n<meta property=\"og:type\" content=\"article\" \/>\n<meta property=\"og:title\" content=\"D&#039;OC - Melody Garreau\" \/>\n<meta property=\"og:description\" content=\"S\u00e9rie r\u00e9alis\u00e9e dans le cadre d\u2019une r\u00e9sidence photographique sur la r\u00e9gion d\u2019Occitanie.\u00a0Accompagn\u00e9 de mes deux roues t\u00e9moigne de ceux qui flottent autour des territoires des canaux de l\u2019Occitane.\" \/>\n<meta property=\"og:url\" content=\"https:\/\/www.melodygarreau.com\/fr\/doc\/\" \/>\n<meta property=\"og:site_name\" content=\"Melody Garreau\" \/>\n<meta property=\"article:modified_time\" content=\"2022-12-12T17:17:46+00:00\" \/>\n<meta property=\"og:image\" content=\"https:\/\/www.melodygarreau.com\/wp-content\/uploads\/2021\/03\/mg_20-08_midi-pyrenees_02.jpg\" \/>\n\t<meta property=\"og:image:width\" content=\"1280\" \/>\n\t<meta property=\"og:image:height\" content=\"853\" \/>\n\t<meta property=\"og:image:type\" content=\"image\/jpeg\" \/>\n<meta name=\"twitter:card\" content=\"summary_large_image\" \/>\n<meta name=\"twitter:label1\" content=\"Dur\u00e9e de lecture estim\u00e9e\" \/>\n\t<meta name=\"twitter:data1\" content=\"2 minutes\" \/>\n<script type=\"application\/ld+json\" class=\"yoast-schema-graph\">{\"@context\":\"https:\/\/schema.org\",\"@graph\":[{\"@type\":\"WebPage\",\"@id\":\"https:\/\/www.melodygarreau.com\/fr\/doc\/\",\"url\":\"https:\/\/www.melodygarreau.com\/fr\/doc\/\",\"name\":\"D'OC - Melody Garreau\",\"isPartOf\":{\"@id\":\"https:\/\/www.melodygarreau.com\/fr\/#website\"},\"datePublished\":\"2021-03-22T17:55:08+00:00\",\"dateModified\":\"2022-12-12T17:17:46+00:00\",\"description\":\"S\u00e9rie r\u00e9alis\u00e9e dans le cadre d\u2019une r\u00e9sidence photographique sur la r\u00e9gion d\u2019Occitanie.\u00a0Accompagn\u00e9 de mes deux roues t\u00e9moigne de ceux qui flottent autour des territoires des canaux de l\u2019Occitane.\",\"breadcrumb\":{\"@id\":\"https:\/\/www.melodygarreau.com\/fr\/doc\/#breadcrumb\"},\"inLanguage\":\"fr-FR\",\"potentialAction\":[{\"@type\":\"ReadAction\",\"target\":[\"https:\/\/www.melodygarreau.com\/fr\/doc\/\"]}]},{\"@type\":\"BreadcrumbList\",\"@id\":\"https:\/\/www.melodygarreau.com\/fr\/doc\/#breadcrumb\",\"itemListElement\":[{\"@type\":\"ListItem\",\"position\":1,\"name\":\"Accueil\",\"item\":\"https:\/\/www.melodygarreau.com\/fr\/\"},{\"@type\":\"ListItem\",\"position\":2,\"name\":\"D&rsquo;OC\"}]},{\"@type\":\"WebSite\",\"@id\":\"https:\/\/www.melodygarreau.com\/fr\/#website\",\"url\":\"https:\/\/www.melodygarreau.com\/fr\/\",\"name\":\"Melody Garreau\",\"description\":\"Photographe\",\"potentialAction\":[{\"@type\":\"SearchAction\",\"target\":{\"@type\":\"EntryPoint\",\"urlTemplate\":\"https:\/\/www.melodygarreau.com\/fr\/?s={search_term_string}\"},\"query-input\":\"required name=search_term_string\"}],\"inLanguage\":\"fr-FR\"}]}<\/script>\n<!-- \/ Yoast SEO plugin. -->","yoast_head_json":{"title":"D'OC - Melody Garreau","description":"S\u00e9rie r\u00e9alis\u00e9e dans le cadre d\u2019une r\u00e9sidence photographique sur la r\u00e9gion d\u2019Occitanie.\u00a0Accompagn\u00e9 de mes deux roues t\u00e9moigne de ceux qui flottent autour des territoires des canaux de l\u2019Occitane.","robots":{"index":"index","follow":"follow","max-snippet":"max-snippet:-1","max-image-preview":"max-image-preview:large","max-video-preview":"max-video-preview:-1"},"canonical":"https:\/\/www.melodygarreau.com\/fr\/doc\/","og_locale":"fr_FR","og_type":"article","og_title":"D'OC - Melody Garreau","og_description":"S\u00e9rie r\u00e9alis\u00e9e dans le cadre d\u2019une r\u00e9sidence photographique sur la r\u00e9gion d\u2019Occitanie.\u00a0Accompagn\u00e9 de mes deux roues t\u00e9moigne de ceux qui flottent autour des territoires des canaux de l\u2019Occitane.","og_url":"https:\/\/www.melodygarreau.com\/fr\/doc\/","og_site_name":"Melody Garreau","article_modified_time":"2022-12-12T17:17:46+00:00","og_image":[{"width":1280,"height":853,"url":"https:\/\/www.melodygarreau.com\/wp-content\/uploads\/2021\/03\/mg_20-08_midi-pyrenees_02.jpg","type":"image\/jpeg"}],"twitter_card":"summary_large_image","twitter_misc":{"Dur\u00e9e de lecture estim\u00e9e":"2 minutes"},"schema":{"@context":"https:\/\/schema.org","@graph":[{"@type":"WebPage","@id":"https:\/\/www.melodygarreau.com\/fr\/doc\/","url":"https:\/\/www.melodygarreau.com\/fr\/doc\/","name":"D'OC - Melody Garreau","isPartOf":{"@id":"https:\/\/www.melodygarreau.com\/fr\/#website"},"datePublished":"2021-03-22T17:55:08+00:00","dateModified":"2022-12-12T17:17:46+00:00","description":"S\u00e9rie r\u00e9alis\u00e9e dans le cadre d\u2019une r\u00e9sidence photographique sur la r\u00e9gion d\u2019Occitanie.\u00a0Accompagn\u00e9 de mes deux roues t\u00e9moigne de ceux qui flottent autour des territoires des canaux de l\u2019Occitane.","breadcrumb":{"@id":"https:\/\/www.melodygarreau.com\/fr\/doc\/#breadcrumb"},"inLanguage":"fr-FR","potentialAction":[{"@type":"ReadAction","target":["https:\/\/www.melodygarreau.com\/fr\/doc\/"]}]},{"@type":"BreadcrumbList","@id":"https:\/\/www.melodygarreau.com\/fr\/doc\/#breadcrumb","itemListElement":[{"@type":"ListItem","position":1,"name":"Accueil","item":"https:\/\/www.melodygarreau.com\/fr\/"},{"@type":"ListItem","position":2,"name":"D&rsquo;OC"}]},{"@type":"WebSite","@id":"https:\/\/www.melodygarreau.com\/fr\/#website","url":"https:\/\/www.melodygarreau.com\/fr\/","name":"Melody Garreau","description":"Photographe","potentialAction":[{"@type":"SearchAction","target":{"@type":"EntryPoint","urlTemplate":"https:\/\/www.melodygarreau.com\/fr\/?s={search_term_string}"},"query-input":"required name=search_term_string"}],"inLanguage":"fr-FR"}]}},"_links":{"self":[{"href":"https:\/\/www.melodygarreau.com\/fr\/wp-json\/wp\/v2\/pages\/1292"}],"collection":[{"href":"https:\/\/www.melodygarreau.com\/fr\/wp-json\/wp\/v2\/pages"}],"about":[{"href":"https:\/\/www.melodygarreau.com\/fr\/wp-json\/wp\/v2\/types\/page"}],"author":[{"embeddable":true,"href":"https:\/\/www.melodygarreau.com\/fr\/wp-json\/wp\/v2\/users\/3"}],"replies":[{"embeddable":true,"href":"https:\/\/www.melodygarreau.com\/fr\/wp-json\/wp\/v2\/comments?post=1292"}],"version-history":[{"count":17,"href":"https:\/\/www.melodygarreau.com\/fr\/wp-json\/wp\/v2\/pages\/1292\/revisions"}],"predecessor-version":[{"id":1646,"href":"https:\/\/www.melodygarreau.com\/fr\/wp-json\/wp\/v2\/pages\/1292\/revisions\/1646"}],"wp:featuredmedia":[{"embeddable":true,"href":"https:\/\/www.melodygarreau.com\/fr\/wp-json\/wp\/v2\/media\/1310"}],"wp:attachment":[{"href":"https:\/\/www.melodygarreau.com\/fr\/wp-json\/wp\/v2\/media?parent=1292"}],"curies":[{"name":"wp","href":"https:\/\/api.w.org\/{rel}","templated":true}]}}