{"id":10,"date":"2018-11-25T16:11:13","date_gmt":"2018-11-25T15:11:13","guid":{"rendered":"https:\/\/www.melodygarreau.com\/?page_id=10"},"modified":"2021-03-21T20:16:58","modified_gmt":"2021-03-21T19:16:58","slug":"they","status":"publish","type":"page","link":"https:\/\/www.melodygarreau.com\/fr\/they\/","title":{"rendered":"They"},"content":{"rendered":"[mk_page_section video_loop=\u00a0\u00bbfalse\u00a0\u00bb section_layout=\u00a0\u00bbleft\u00a0\u00bb full_width=\u00a0\u00bbtrue\u00a0\u00bb full_height=\u00a0\u00bbtrue\u00a0\u00bb padding_top=\u00a0\u00bb0&Prime; padding_bottom=\u00a0\u00bb0&Prime; el_class=\u00a0\u00bbno-fade\u00a0\u00bb sidebar=\u00a0\u00bbsidebar-1&Prime;][vc_column][vc_column_text]\n<style type=\"text\/css\">\n.new-royalslider-1 .rsThumbsHor { height:72px; }\n.new-royalslider-1 .rsThumbsVer { width:72px; } \n\t\t\t.new-royalslider-1 .rsThumb { width: 72px; height: 72px; }\n<\/style>\n<div id=\"new-royalslider-1\" class=\"royalSlider new-royalslider-1 rsDefaultInv rsHomeTempl\" style=\"width:80%;height:auto;;\">\n<div class=\"rsContent\">\n  <a class=\"rsImg\" href=\"https:\/\/www.melodygarreau.com\/wp-content\/uploads\/2018\/11\/garreau-melody_they_01-1024x784.jpg\">garreau-melody_they_01<\/a>\n  <div class=\"rsTmb\"><img src=\"https:\/\/www.melodygarreau.com\/wp-content\/uploads\/2018\/11\/garreau-melody_they_01-150x150.jpg\" alt=\"\" \/><\/div>\n  \n  \n<\/div>\n<div class=\"rsContent\">\n  <a class=\"rsImg\" href=\"https:\/\/www.melodygarreau.com\/wp-content\/uploads\/2018\/11\/garreau-melody_they_02-1024x784.jpg\">garreau-melody_they_02<\/a>\n  <div class=\"rsTmb\"><img src=\"https:\/\/www.melodygarreau.com\/wp-content\/uploads\/2018\/11\/garreau-melody_they_02-150x150.jpg\" alt=\"\" \/><\/div>\n  \n  \n<\/div>\n<div class=\"rsContent\">\n  <a class=\"rsImg\" href=\"https:\/\/www.melodygarreau.com\/wp-content\/uploads\/2018\/11\/garreau-melody_they_03-1024x784.jpg\">garreau-melody_they_03<\/a>\n  <div class=\"rsTmb\"><img src=\"https:\/\/www.melodygarreau.com\/wp-content\/uploads\/2018\/11\/garreau-melody_they_03-150x150.jpg\" alt=\"\" \/><\/div>\n  \n  \n<\/div>\n<div class=\"rsContent\">\n  <a class=\"rsImg\" href=\"https:\/\/www.melodygarreau.com\/wp-content\/uploads\/2018\/11\/garreau-melody_they_04-1024x784.jpg\">garreau-melody_they_04<\/a>\n  <div class=\"rsTmb\"><img src=\"https:\/\/www.melodygarreau.com\/wp-content\/uploads\/2018\/11\/garreau-melody_they_04-150x150.jpg\" alt=\"\" \/><\/div>\n  \n  \n<\/div>\n<div class=\"rsContent\">\n  <a class=\"rsImg\" href=\"https:\/\/www.melodygarreau.com\/wp-content\/uploads\/2018\/11\/garreau-melody_they_05-1024x784.jpg\">garreau-melody_they_05<\/a>\n  <div class=\"rsTmb\"><img src=\"https:\/\/www.melodygarreau.com\/wp-content\/uploads\/2018\/11\/garreau-melody_they_05-150x150.jpg\" alt=\"\" \/><\/div>\n  \n  \n<\/div>\n\n<\/div>\n[\/vc_column_text][mk_button dimension=\u00a0\u00bbflat\u00a0\u00bb url=\u00a0\u00bb#\u00a0\u00bb align=\u00a0\u00bbcenter\u00a0\u00bb id=\u00a0\u00bbbouton-text\u00a0\u00bb margin_bottom=\u00a0\u00bb0&Prime; margin_right=\u00a0\u00bb0&Prime;]LIRE[\/mk_button][mk_button dimension=\u00a0\u00bbflat\u00a0\u00bb url=\u00a0\u00bb#\u00a0\u00bb align=\u00a0\u00bbcenter\u00a0\u00bb id=\u00a0\u00bbbouton-close\u00a0\u00bb margin_bottom=\u00a0\u00bb0&Prime; margin_right=\u00a0\u00bb0&Prime;]X[\/mk_button][vc_column_text el_class=\u00a0\u00bbtext\u00a0\u00bb]\n<p style=\"text-align: center;\">THEY<\/p>\n<p>&nbsp;<\/p>\n<p>\u00ab\u00a0They\u00a0\u00bb le pronom de genre neutre fr\u00e9quemment utilis\u00e9 en Angleterre.<br \/>\nPas de ils ni de elles, le langage les lib\u00e8rent du poids du genre.\u00a0C\u2019est le d\u00e9but d\u2019une r\u00e9flexion qui m\u2019am\u00e8ne vers ces personnes qui se d\u00e9finissent comme non-binaire.[\/vc_column_text][\/vc_column][\/mk_page_section]\n","protected":false},"excerpt":{"rendered":"<p>[mk_page_section video_loop=\u00a0\u00bbfalse\u00a0\u00bb section_layout=\u00a0\u00bbleft\u00a0\u00bb full_width=\u00a0\u00bbtrue\u00a0\u00bb full_height=\u00a0\u00bbtrue\u00a0\u00bb padding_top=\u00a0\u00bb0&Prime; padding_bottom=\u00a0\u00bb0&Prime; el_class=\u00a0\u00bbno-fade\u00a0\u00bb sidebar=\u00a0\u00bbsidebar-1&Prime;][vc_column][vc_column_text][\/vc_column_text][mk_button dimension=\u00a0\u00bbflat\u00a0\u00bb url=\u00a0\u00bb#\u00a0\u00bb align=\u00a0\u00bbcenter\u00a0\u00bb id=\u00a0\u00bbbouton-text\u00a0\u00bb margin_bottom=\u00a0\u00bb0&Prime; margin_right=\u00a0\u00bb0&Prime;]LIRE[\/mk_button][mk_button dimension=\u00a0\u00bbflat\u00a0\u00bb url=\u00a0\u00bb#\u00a0\u00bb align=\u00a0\u00bbcenter\u00a0\u00bb id=\u00a0\u00bbbouton-close\u00a0\u00bb margin_bottom=\u00a0\u00bb0&Prime; margin_right=\u00a0\u00bb0&Prime;]X[\/mk_button][vc_column_text el_class=\u00a0\u00bbtext\u00a0\u00bb] THEY &nbsp; \u00ab\u00a0They\u00a0\u00bb le pronom de genre neutre fr\u00e9quemment utilis\u00e9 en Angleterre. Pas de ils ni de elles, le langage les lib\u00e8rent du poids du genre.\u00a0C\u2019est le d\u00e9but d\u2019une r\u00e9flexion qui m\u2019am\u00e8ne vers [&hellip;]<\/p>\n","protected":false},"author":3,"featured_media":6,"parent":0,"menu_order":0,"comment_status":"closed","ping_status":"closed","template":"","meta":[],"yoast_head":"<!-- This site is optimized with the Yoast SEO plugin v21.8.1 - https:\/\/yoast.com\/wordpress\/plugins\/seo\/ -->\n<title>They - Melody Garreau<\/title>\n<meta name=\"description\" content=\"&quot;They&quot; le pronom de genre neutre fr\u00e9quemment utilis\u00e9 en Angleterre. Pas de ils ni de elles, le langage les lib\u00e8rent du poids du genre.\" \/>\n<meta name=\"robots\" content=\"index, follow, max-snippet:-1, max-image-preview:large, max-video-preview:-1\" \/>\n<link rel=\"canonical\" href=\"https:\/\/www.melodygarreau.com\/fr\/they\/\" \/>\n<meta property=\"og:locale\" content=\"fr_FR\" \/>\n<meta property=\"og:type\" content=\"article\" \/>\n<meta property=\"og:title\" content=\"They - Melody Garreau\" \/>\n<meta property=\"og:description\" content=\"&quot;They&quot; le pronom de genre neutre fr\u00e9quemment utilis\u00e9 en Angleterre. Pas de ils ni de elles, le langage les lib\u00e8rent du poids du genre.\" \/>\n<meta property=\"og:url\" content=\"https:\/\/www.melodygarreau.com\/fr\/they\/\" \/>\n<meta property=\"og:site_name\" content=\"Melody Garreau\" \/>\n<meta property=\"article:modified_time\" content=\"2021-03-21T19:16:58+00:00\" \/>\n<meta property=\"og:image\" content=\"https:\/\/www.melodygarreau.com\/wp-content\/uploads\/2018\/11\/garreau-melody_they_02.jpg\" \/>\n\t<meta property=\"og:image:width\" content=\"1110\" \/>\n\t<meta property=\"og:image:height\" content=\"850\" \/>\n\t<meta property=\"og:image:type\" content=\"image\/jpeg\" \/>\n<meta name=\"twitter:card\" content=\"summary_large_image\" \/>\n<meta name=\"twitter:label1\" content=\"Dur\u00e9e de lecture estim\u00e9e\" \/>\n\t<meta name=\"twitter:data1\" content=\"1 minute\" \/>\n<script type=\"application\/ld+json\" class=\"yoast-schema-graph\">{\"@context\":\"https:\/\/schema.org\",\"@graph\":[{\"@type\":\"WebPage\",\"@id\":\"https:\/\/www.melodygarreau.com\/fr\/they\/\",\"url\":\"https:\/\/www.melodygarreau.com\/fr\/they\/\",\"name\":\"They - Melody Garreau\",\"isPartOf\":{\"@id\":\"https:\/\/www.melodygarreau.com\/fr\/#website\"},\"datePublished\":\"2018-11-25T15:11:13+00:00\",\"dateModified\":\"2021-03-21T19:16:58+00:00\",\"description\":\"\\\"They\\\" le pronom de genre neutre fr\u00e9quemment utilis\u00e9 en Angleterre. Pas de ils ni de elles, le langage les lib\u00e8rent du poids du genre.\",\"breadcrumb\":{\"@id\":\"https:\/\/www.melodygarreau.com\/fr\/they\/#breadcrumb\"},\"inLanguage\":\"fr-FR\",\"potentialAction\":[{\"@type\":\"ReadAction\",\"target\":[\"https:\/\/www.melodygarreau.com\/fr\/they\/\"]}]},{\"@type\":\"BreadcrumbList\",\"@id\":\"https:\/\/www.melodygarreau.com\/fr\/they\/#breadcrumb\",\"itemListElement\":[{\"@type\":\"ListItem\",\"position\":1,\"name\":\"Accueil\",\"item\":\"https:\/\/www.melodygarreau.com\/fr\/\"},{\"@type\":\"ListItem\",\"position\":2,\"name\":\"They\"}]},{\"@type\":\"WebSite\",\"@id\":\"https:\/\/www.melodygarreau.com\/fr\/#website\",\"url\":\"https:\/\/www.melodygarreau.com\/fr\/\",\"name\":\"Melody Garreau\",\"description\":\"Photographe\",\"potentialAction\":[{\"@type\":\"SearchAction\",\"target\":{\"@type\":\"EntryPoint\",\"urlTemplate\":\"https:\/\/www.melodygarreau.com\/fr\/?s={search_term_string}\"},\"query-input\":\"required name=search_term_string\"}],\"inLanguage\":\"fr-FR\"}]}<\/script>\n<!-- \/ Yoast SEO plugin. -->","yoast_head_json":{"title":"They - Melody Garreau","description":"\"They\" le pronom de genre neutre fr\u00e9quemment utilis\u00e9 en Angleterre. Pas de ils ni de elles, le langage les lib\u00e8rent du poids du genre.","robots":{"index":"index","follow":"follow","max-snippet":"max-snippet:-1","max-image-preview":"max-image-preview:large","max-video-preview":"max-video-preview:-1"},"canonical":"https:\/\/www.melodygarreau.com\/fr\/they\/","og_locale":"fr_FR","og_type":"article","og_title":"They - Melody Garreau","og_description":"\"They\" le pronom de genre neutre fr\u00e9quemment utilis\u00e9 en Angleterre. Pas de ils ni de elles, le langage les lib\u00e8rent du poids du genre.","og_url":"https:\/\/www.melodygarreau.com\/fr\/they\/","og_site_name":"Melody Garreau","article_modified_time":"2021-03-21T19:16:58+00:00","og_image":[{"width":1110,"height":850,"url":"https:\/\/www.melodygarreau.com\/wp-content\/uploads\/2018\/11\/garreau-melody_they_02.jpg","type":"image\/jpeg"}],"twitter_card":"summary_large_image","twitter_misc":{"Dur\u00e9e de lecture estim\u00e9e":"1 minute"},"schema":{"@context":"https:\/\/schema.org","@graph":[{"@type":"WebPage","@id":"https:\/\/www.melodygarreau.com\/fr\/they\/","url":"https:\/\/www.melodygarreau.com\/fr\/they\/","name":"They - Melody Garreau","isPartOf":{"@id":"https:\/\/www.melodygarreau.com\/fr\/#website"},"datePublished":"2018-11-25T15:11:13+00:00","dateModified":"2021-03-21T19:16:58+00:00","description":"\"They\" le pronom de genre neutre fr\u00e9quemment utilis\u00e9 en Angleterre. Pas de ils ni de elles, le langage les lib\u00e8rent du poids du genre.","breadcrumb":{"@id":"https:\/\/www.melodygarreau.com\/fr\/they\/#breadcrumb"},"inLanguage":"fr-FR","potentialAction":[{"@type":"ReadAction","target":["https:\/\/www.melodygarreau.com\/fr\/they\/"]}]},{"@type":"BreadcrumbList","@id":"https:\/\/www.melodygarreau.com\/fr\/they\/#breadcrumb","itemListElement":[{"@type":"ListItem","position":1,"name":"Accueil","item":"https:\/\/www.melodygarreau.com\/fr\/"},{"@type":"ListItem","position":2,"name":"They"}]},{"@type":"WebSite","@id":"https:\/\/www.melodygarreau.com\/fr\/#website","url":"https:\/\/www.melodygarreau.com\/fr\/","name":"Melody Garreau","description":"Photographe","potentialAction":[{"@type":"SearchAction","target":{"@type":"EntryPoint","urlTemplate":"https:\/\/www.melodygarreau.com\/fr\/?s={search_term_string}"},"query-input":"required name=search_term_string"}],"inLanguage":"fr-FR"}]}},"_links":{"self":[{"href":"https:\/\/www.melodygarreau.com\/fr\/wp-json\/wp\/v2\/pages\/10"}],"collection":[{"href":"https:\/\/www.melodygarreau.com\/fr\/wp-json\/wp\/v2\/pages"}],"about":[{"href":"https:\/\/www.melodygarreau.com\/fr\/wp-json\/wp\/v2\/types\/page"}],"author":[{"embeddable":true,"href":"https:\/\/www.melodygarreau.com\/fr\/wp-json\/wp\/v2\/users\/3"}],"replies":[{"embeddable":true,"href":"https:\/\/www.melodygarreau.com\/fr\/wp-json\/wp\/v2\/comments?post=10"}],"version-history":[{"count":14,"href":"https:\/\/www.melodygarreau.com\/fr\/wp-json\/wp\/v2\/pages\/10\/revisions"}],"predecessor-version":[{"id":1193,"href":"https:\/\/www.melodygarreau.com\/fr\/wp-json\/wp\/v2\/pages\/10\/revisions\/1193"}],"wp:featuredmedia":[{"embeddable":true,"href":"https:\/\/www.melodygarreau.com\/fr\/wp-json\/wp\/v2\/media\/6"}],"wp:attachment":[{"href":"https:\/\/www.melodygarreau.com\/fr\/wp-json\/wp\/v2\/media?parent=10"}],"curies":[{"name":"wp","href":"https:\/\/api.w.org\/{rel}","templated":true}]}}