{"id":138,"date":"2018-11-25T22:22:23","date_gmt":"2018-11-25T21:22:23","guid":{"rendered":"https:\/\/www.melodygarreau.com\/?page_id=138"},"modified":"2024-10-18T16:10:32","modified_gmt":"2024-10-18T14:10:32","slug":"taintedinnocence","status":"publish","type":"page","link":"https:\/\/www.melodygarreau.com\/en\/taintedinnocence\/","title":{"rendered":"Tainted Innocence"},"content":{"rendered":"[mk_page_section video_loop=&#8221;false&#8221; section_layout=&#8221;left&#8221; full_width=&#8221;true&#8221; full_height=&#8221;true&#8221; padding_top=&#8221;0&#8243; padding_bottom=&#8221;0&#8243; el_class=&#8221;no-fade&#8221; sidebar=&#8221;sidebar-1&#8243;][vc_column][vc_column_text]\n<style type=\"text\/css\">\n.new-royalslider-3 .rsThumbsHor { height:72px; }\n.new-royalslider-3 .rsThumbsVer { width:72px; } \n\t\t\t.new-royalslider-3 .rsThumb { width: 72px; height: 72px; }\n<\/style>\n<div id=\"new-royalslider-3\" class=\"royalSlider new-royalslider-3 rsDefaultInv rsHomeTempl\" style=\"width:80%;height:auto;;\">\n<div class=\"rsContent\">\n  <a class=\"rsImg\" href=\"https:\/\/www.melodygarreau.com\/wp-content\/uploads\/2018\/11\/garreau-melody_innocenceterni_01-1024x683.jpg\">garreau-melody_innocenceterni_01<\/a>\n  <div class=\"rsTmb\"><img src=\"https:\/\/www.melodygarreau.com\/wp-content\/uploads\/2018\/11\/garreau-melody_innocenceterni_01-150x150.jpg\" alt=\"\" \/><\/div>\n  \n  \n<\/div>\n<div class=\"rsContent\">\n  <a class=\"rsImg\" href=\"https:\/\/www.melodygarreau.com\/wp-content\/uploads\/2018\/11\/garreau-melody_innocenceterni_18-1024x683.jpg\">garreau-melody_innocenceterni_18<\/a>\n  <div class=\"rsTmb\"><img src=\"https:\/\/www.melodygarreau.com\/wp-content\/uploads\/2018\/11\/garreau-melody_innocenceterni_18-150x150.jpg\" alt=\"\" \/><\/div>\n  \n  \n<\/div>\n<div class=\"rsContent\">\n  <a class=\"rsImg\" href=\"https:\/\/www.melodygarreau.com\/wp-content\/uploads\/2018\/11\/garreau-melody_innocenceterni_12-1024x784.jpg\">garreau-melody_innocenceterni_12<\/a>\n  <div class=\"rsTmb\"><img src=\"https:\/\/www.melodygarreau.com\/wp-content\/uploads\/2018\/11\/garreau-melody_innocenceterni_12-150x150.jpg\" alt=\"\" \/><\/div>\n  \n  \n<\/div>\n<div class=\"rsContent\">\n  <a class=\"rsImg\" href=\"https:\/\/www.melodygarreau.com\/wp-content\/uploads\/2018\/12\/st-melody-it-08-1024x683.jpg\">st-melody-it-08<\/a>\n  <div class=\"rsTmb\"><img src=\"https:\/\/www.melodygarreau.com\/wp-content\/uploads\/2018\/12\/st-melody-it-08-150x150.jpg\" alt=\"\" \/><\/div>\n  \n  \n<\/div>\n<div class=\"rsContent\">\n  <a class=\"rsImg\" href=\"https:\/\/www.melodygarreau.com\/wp-content\/uploads\/2018\/11\/garreau-melody_innocenceterni_16-1024x683.jpg\">garreau-melody_innocenceterni_16<\/a>\n  <div class=\"rsTmb\"><img src=\"https:\/\/www.melodygarreau.com\/wp-content\/uploads\/2018\/11\/garreau-melody_innocenceterni_16-150x150.jpg\" alt=\"\" \/><\/div>\n  \n  \n<\/div>\n<div class=\"rsContent\">\n  <a class=\"rsImg\" href=\"https:\/\/www.melodygarreau.com\/wp-content\/uploads\/2018\/12\/st-melody-it-04-1024x784.jpg\">st-melody-it-04<\/a>\n  <div class=\"rsTmb\"><img src=\"https:\/\/www.melodygarreau.com\/wp-content\/uploads\/2018\/12\/st-melody-it-04-150x150.jpg\" alt=\"\" \/><\/div>\n  \n  \n<\/div>\n<div class=\"rsContent\">\n  <a class=\"rsImg\" href=\"https:\/\/www.melodygarreau.com\/wp-content\/uploads\/2018\/11\/garreau-melody_innocenceterni_17-1024x683.jpg\">garreau-melody_innocenceterni_17<\/a>\n  <div class=\"rsTmb\"><img src=\"https:\/\/www.melodygarreau.com\/wp-content\/uploads\/2018\/11\/garreau-melody_innocenceterni_17-150x150.jpg\" alt=\"\" \/><\/div>\n  \n  \n<\/div>\n<div class=\"rsContent\">\n  <a class=\"rsImg\" href=\"https:\/\/www.melodygarreau.com\/wp-content\/uploads\/2018\/12\/garreau-melody_innocenceterni_10-1024x683.jpg\">garreau-melody_innocenceterni_10<\/a>\n  <div class=\"rsTmb\"><img src=\"https:\/\/www.melodygarreau.com\/wp-content\/uploads\/2018\/12\/garreau-melody_innocenceterni_10-150x150.jpg\" alt=\"\" \/><\/div>\n  \n  \n<\/div>\n<div class=\"rsContent\">\n  <a class=\"rsImg\" href=\"https:\/\/www.melodygarreau.com\/wp-content\/uploads\/2018\/11\/garreau-melody_innocenceterni_20-1024x683.jpg\">garreau-melody_innocenceterni_20<\/a>\n  <div class=\"rsTmb\"><img src=\"https:\/\/www.melodygarreau.com\/wp-content\/uploads\/2018\/11\/garreau-melody_innocenceterni_20-150x150.jpg\" alt=\"\" \/><\/div>\n  \n  \n<\/div>\n<div class=\"rsContent\">\n  <a class=\"rsImg\" href=\"https:\/\/www.melodygarreau.com\/wp-content\/uploads\/2018\/11\/garreau-melody_innocenceterni_15-1024x784.jpg\">garreau-melody_innocenceterni_15<\/a>\n  <div class=\"rsTmb\"><img src=\"https:\/\/www.melodygarreau.com\/wp-content\/uploads\/2018\/11\/garreau-melody_innocenceterni_15-150x150.jpg\" alt=\"\" \/><\/div>\n  \n  \n<\/div>\n<div class=\"rsContent\">\n  <a class=\"rsImg\" href=\"https:\/\/www.melodygarreau.com\/wp-content\/uploads\/2018\/11\/garreau-melody_innocenceterni_19-1024x683.jpg\">garreau-melody_innocenceterni_19<\/a>\n  <div class=\"rsTmb\"><img src=\"https:\/\/www.melodygarreau.com\/wp-content\/uploads\/2018\/11\/garreau-melody_innocenceterni_19-150x150.jpg\" alt=\"\" \/><\/div>\n  \n  \n<\/div>\n<div class=\"rsContent\">\n  <a class=\"rsImg\" href=\"https:\/\/www.melodygarreau.com\/wp-content\/uploads\/2021\/04\/mg_a_b_18_01_135_1_022-1024x682.jpg\">mg_a_b_18_01_135_1_022<\/a>\n  <div class=\"rsTmb\"><img src=\"https:\/\/www.melodygarreau.com\/wp-content\/uploads\/2021\/04\/mg_a_b_18_01_135_1_022-150x150.jpg\" alt=\"\" \/><\/div>\n  \n  \n<\/div>\n\n<\/div>\n[\/vc_column_text][mk_button dimension=&#8221;flat&#8221; url=&#8221;#&#8221; align=&#8221;center&#8221; id=&#8221;bouton-text&#8221; margin_bottom=&#8221;0&#8243; margin_right=&#8221;0&#8243;]READ[\/mk_button][mk_button dimension=&#8221;flat&#8221; url=&#8221;#&#8221; align=&#8221;center&#8221; id=&#8221;bouton-close&#8221; margin_bottom=&#8221;0&#8243; margin_right=&#8221;0&#8243;]X[\/mk_button][vc_column_text el_class=&#8221;text&#8221;]\n<p style=\"text-align: center;\">TAINTED INNOCENCE<\/p>\n<p>&nbsp;<\/p>\n<p>Tainted innocence is a hymn to my sister.<\/p>\n<p>&nbsp;<\/p>\n<p>Portraying a period of uncertainty, the delicate crossing between a child and a young woman.<\/p>\n<p>Seventeen, the age where we battle through the quest for the discovery of our identities.<\/p>\n<p>Seeking for the right to gain possession of our bodies.<\/p>\n<p>&nbsp;<\/p>\n<p>Whilst searching for ground from which she can take flight, Chl\u00f6e re-delves into the absence of a father and the lack of a family. Giving our mother an impression of d\u00e9j\u00e0 vu, as reflected in Chl\u00f6e she sees her own abandonment.<\/p>\n<p>&nbsp;<\/p>\n<p>Chl\u00f6e and our mother have always held a complex, fusional and exclusive relationship. A binding tie unites them but this doesn\u2019t go without clashes. Taken in a period of emotional violence, arguments and reconciliations set their daily rhythm.<\/p>\n<p>&nbsp;<\/p>\n<p>Since having crossed the Channel, my voice has been searching for it\u2019s echo. These\u00a0photographs represent a few pieces from a complicated jigsaw.[\/vc_column_text][\/vc_column][\/mk_page_section]\n","protected":false},"excerpt":{"rendered":"<p>[mk_page_section video_loop=&#8221;false&#8221; section_layout=&#8221;left&#8221; full_width=&#8221;true&#8221; full_height=&#8221;true&#8221; padding_top=&#8221;0&#8243; padding_bottom=&#8221;0&#8243; el_class=&#8221;no-fade&#8221; sidebar=&#8221;sidebar-1&#8243;][vc_column][vc_column_text][\/vc_column_text][mk_button dimension=&#8221;flat&#8221; url=&#8221;#&#8221; align=&#8221;center&#8221; id=&#8221;bouton-text&#8221; margin_bottom=&#8221;0&#8243; margin_right=&#8221;0&#8243;]READ[\/mk_button][mk_button dimension=&#8221;flat&#8221; url=&#8221;#&#8221; align=&#8221;center&#8221; id=&#8221;bouton-close&#8221; margin_bottom=&#8221;0&#8243; margin_right=&#8221;0&#8243;]X[\/mk_button][vc_column_text el_class=&#8221;text&#8221;] TAINTED INNOCENCE &nbsp; Tainted innocence is a hymn to my sister. &nbsp; Portraying a period of uncertainty, the delicate crossing between a child and a young woman. Seventeen, the age where we battle [&hellip;]<\/p>\n","protected":false},"author":3,"featured_media":30,"parent":0,"menu_order":0,"comment_status":"closed","ping_status":"closed","template":"","meta":[],"yoast_head":"<!-- This site is optimized with the Yoast SEO plugin v21.8.1 - https:\/\/yoast.com\/wordpress\/plugins\/seo\/ -->\n<title>Tainted Innocence - Melody Garreau<\/title>\n<meta name=\"description\" content=\"Tainted innocence is a hymn to my sister Chlo\u00e9. Portraying a period of uncertainty, the delicate crossing between a child and a young woman.\" \/>\n<meta name=\"robots\" content=\"index, follow, max-snippet:-1, max-image-preview:large, max-video-preview:-1\" \/>\n<link rel=\"canonical\" href=\"https:\/\/www.melodygarreau.com\/en\/taintedinnocence\/\" \/>\n<meta property=\"og:locale\" content=\"en_US\" \/>\n<meta property=\"og:type\" content=\"article\" \/>\n<meta property=\"og:title\" content=\"Tainted Innocence - Melody Garreau\" \/>\n<meta property=\"og:description\" content=\"Tainted innocence is a hymn to my sister Chlo\u00e9. Portraying a period of uncertainty, the delicate crossing between a child and a young woman.\" \/>\n<meta property=\"og:url\" content=\"https:\/\/www.melodygarreau.com\/en\/taintedinnocence\/\" \/>\n<meta property=\"og:site_name\" content=\"Melody Garreau\" \/>\n<meta property=\"article:modified_time\" content=\"2024-10-18T14:10:32+00:00\" \/>\n<meta property=\"og:image\" content=\"https:\/\/www.melodygarreau.com\/wp-content\/uploads\/2018\/11\/garreau-melody_innocenceterni_17.jpg\" \/>\n\t<meta property=\"og:image:width\" content=\"1110\" \/>\n\t<meta property=\"og:image:height\" content=\"740\" \/>\n\t<meta property=\"og:image:type\" content=\"image\/jpeg\" \/>\n<meta name=\"twitter:card\" content=\"summary_large_image\" \/>\n<meta name=\"twitter:label1\" content=\"Est. reading time\" \/>\n\t<meta name=\"twitter:data1\" content=\"2 minutes\" \/>\n<script type=\"application\/ld+json\" class=\"yoast-schema-graph\">{\"@context\":\"https:\/\/schema.org\",\"@graph\":[{\"@type\":\"WebPage\",\"@id\":\"https:\/\/www.melodygarreau.com\/en\/taintedinnocence\/\",\"url\":\"https:\/\/www.melodygarreau.com\/en\/taintedinnocence\/\",\"name\":\"Tainted Innocence - Melody Garreau\",\"isPartOf\":{\"@id\":\"https:\/\/www.melodygarreau.com\/fr\/#website\"},\"datePublished\":\"2018-11-25T21:22:23+00:00\",\"dateModified\":\"2024-10-18T14:10:32+00:00\",\"description\":\"Tainted innocence is a hymn to my sister Chlo\u00e9. Portraying a period of uncertainty, the delicate crossing between a child and a young woman.\",\"breadcrumb\":{\"@id\":\"https:\/\/www.melodygarreau.com\/en\/taintedinnocence\/#breadcrumb\"},\"inLanguage\":\"en-US\",\"potentialAction\":[{\"@type\":\"ReadAction\",\"target\":[\"https:\/\/www.melodygarreau.com\/en\/taintedinnocence\/\"]}]},{\"@type\":\"BreadcrumbList\",\"@id\":\"https:\/\/www.melodygarreau.com\/en\/taintedinnocence\/#breadcrumb\",\"itemListElement\":[{\"@type\":\"ListItem\",\"position\":1,\"name\":\"Accueil\",\"item\":\"https:\/\/www.melodygarreau.com\/en\/\"},{\"@type\":\"ListItem\",\"position\":2,\"name\":\"Tainted Innocence\"}]},{\"@type\":\"WebSite\",\"@id\":\"https:\/\/www.melodygarreau.com\/fr\/#website\",\"url\":\"https:\/\/www.melodygarreau.com\/fr\/\",\"name\":\"Melody Garreau\",\"description\":\"Photographe\",\"potentialAction\":[{\"@type\":\"SearchAction\",\"target\":{\"@type\":\"EntryPoint\",\"urlTemplate\":\"https:\/\/www.melodygarreau.com\/fr\/?s={search_term_string}\"},\"query-input\":\"required name=search_term_string\"}],\"inLanguage\":\"en-US\"}]}<\/script>\n<!-- \/ Yoast SEO plugin. -->","yoast_head_json":{"title":"Tainted Innocence - Melody Garreau","description":"Tainted innocence is a hymn to my sister Chlo\u00e9. Portraying a period of uncertainty, the delicate crossing between a child and a young woman.","robots":{"index":"index","follow":"follow","max-snippet":"max-snippet:-1","max-image-preview":"max-image-preview:large","max-video-preview":"max-video-preview:-1"},"canonical":"https:\/\/www.melodygarreau.com\/en\/taintedinnocence\/","og_locale":"en_US","og_type":"article","og_title":"Tainted Innocence - Melody Garreau","og_description":"Tainted innocence is a hymn to my sister Chlo\u00e9. Portraying a period of uncertainty, the delicate crossing between a child and a young woman.","og_url":"https:\/\/www.melodygarreau.com\/en\/taintedinnocence\/","og_site_name":"Melody Garreau","article_modified_time":"2024-10-18T14:10:32+00:00","og_image":[{"width":1110,"height":740,"url":"https:\/\/www.melodygarreau.com\/wp-content\/uploads\/2018\/11\/garreau-melody_innocenceterni_17.jpg","type":"image\/jpeg"}],"twitter_card":"summary_large_image","twitter_misc":{"Est. reading time":"2 minutes"},"schema":{"@context":"https:\/\/schema.org","@graph":[{"@type":"WebPage","@id":"https:\/\/www.melodygarreau.com\/en\/taintedinnocence\/","url":"https:\/\/www.melodygarreau.com\/en\/taintedinnocence\/","name":"Tainted Innocence - Melody Garreau","isPartOf":{"@id":"https:\/\/www.melodygarreau.com\/fr\/#website"},"datePublished":"2018-11-25T21:22:23+00:00","dateModified":"2024-10-18T14:10:32+00:00","description":"Tainted innocence is a hymn to my sister Chlo\u00e9. Portraying a period of uncertainty, the delicate crossing between a child and a young woman.","breadcrumb":{"@id":"https:\/\/www.melodygarreau.com\/en\/taintedinnocence\/#breadcrumb"},"inLanguage":"en-US","potentialAction":[{"@type":"ReadAction","target":["https:\/\/www.melodygarreau.com\/en\/taintedinnocence\/"]}]},{"@type":"BreadcrumbList","@id":"https:\/\/www.melodygarreau.com\/en\/taintedinnocence\/#breadcrumb","itemListElement":[{"@type":"ListItem","position":1,"name":"Accueil","item":"https:\/\/www.melodygarreau.com\/en\/"},{"@type":"ListItem","position":2,"name":"Tainted Innocence"}]},{"@type":"WebSite","@id":"https:\/\/www.melodygarreau.com\/fr\/#website","url":"https:\/\/www.melodygarreau.com\/fr\/","name":"Melody Garreau","description":"Photographe","potentialAction":[{"@type":"SearchAction","target":{"@type":"EntryPoint","urlTemplate":"https:\/\/www.melodygarreau.com\/fr\/?s={search_term_string}"},"query-input":"required name=search_term_string"}],"inLanguage":"en-US"}]}},"_links":{"self":[{"href":"https:\/\/www.melodygarreau.com\/en\/wp-json\/wp\/v2\/pages\/138"}],"collection":[{"href":"https:\/\/www.melodygarreau.com\/en\/wp-json\/wp\/v2\/pages"}],"about":[{"href":"https:\/\/www.melodygarreau.com\/en\/wp-json\/wp\/v2\/types\/page"}],"author":[{"embeddable":true,"href":"https:\/\/www.melodygarreau.com\/en\/wp-json\/wp\/v2\/users\/3"}],"replies":[{"embeddable":true,"href":"https:\/\/www.melodygarreau.com\/en\/wp-json\/wp\/v2\/comments?post=138"}],"version-history":[{"count":13,"href":"https:\/\/www.melodygarreau.com\/en\/wp-json\/wp\/v2\/pages\/138\/revisions"}],"predecessor-version":[{"id":1717,"href":"https:\/\/www.melodygarreau.com\/en\/wp-json\/wp\/v2\/pages\/138\/revisions\/1717"}],"wp:featuredmedia":[{"embeddable":true,"href":"https:\/\/www.melodygarreau.com\/en\/wp-json\/wp\/v2\/media\/30"}],"wp:attachment":[{"href":"https:\/\/www.melodygarreau.com\/en\/wp-json\/wp\/v2\/media?parent=138"}],"curies":[{"name":"wp","href":"https:\/\/api.w.org\/{rel}","templated":true}]}}